{"id":13,"date":"2025-12-13T18:41:17","date_gmt":"2025-12-13T18:41:17","guid":{"rendered":"https:\/\/www.kristar.vlab.fi\/ankka\/?page_id=13"},"modified":"2025-12-14T15:11:25","modified_gmt":"2025-12-14T15:11:25","slug":"miksi-ankan-pitaisi-olla-suomen-kansalliselain","status":"publish","type":"page","link":"https:\/\/www.kristar.vlab.fi\/ankka\/miksi-ankan-pitaisi-olla-suomen-kansalliselain\/","title":{"rendered":"Miksi ankan pit\u00e4isi olla Suomen kansallisel\u00e4in?"},"content":{"rendered":"\n<h1 class=\"wp-block-heading has-text-color has-link-color has-large-font-size wp-elements-b62ac60e28d32e310f5d5b19701a7aad\" style=\"color:#2839f4\">Miksi ankan pit\u00e4isi olla Suomen kansallisel\u00e4in?<\/h1>\n\n\n\n<blockquote class=\"wp-block-quote is-layout-flow wp-block-quote-is-layout-flow\">\n<p class=\"has-text-align-left\" style=\"font-style:normal;font-weight:300\"><em>&#8220;T\u00e4rkeint\u00e4 ei ole p\u00e4\u00e4m\u00e4\u00e4r\u00e4, vaan se, kuka heitt\u00e4\u00e4 rannalta parhaimmat ev\u00e4\u00e4t.&#8221;<\/em><\/p>\n<\/blockquote>\n\n\n\n<p>Yleissivistykseen kuuluu, ett\u00e4 Suomen kansallisel\u00e4in on karhu ja kansallislintu laulujoutsen. <\/p>\n\n\n\n<h2 class=\"wp-block-heading has-text-color has-link-color has-medium-font-size wp-elements-54337e45494ebaa9767cd7014a490649\" style=\"color:#f08e3e\"><strong><b>Syit\u00e4 miksi juuri ankan pit\u00e4isi edustaa Suomea el\u00e4inten mittel\u00f6ss\u00e4:<\/b><\/strong><\/h2>\n\n\n\n<div class=\"wp-block-group is-nowrap is-layout-flex wp-container-core-group-is-layout-ad2f72ca wp-block-group-is-layout-flex\">\n<ul class=\"wp-block-list\">\n<li>Suomen s\u00e4\u00e4tila kuvastuu noin 90% ajasta mallina &#8220;vett\u00e4 vaakatasossa&#8221;. Ankka on ainoa el\u00e4in, joka n\u00e4ytt\u00e4\u00e4 t\u00e4ysin tyytyv\u00e4iselt\u00e4, kun taivaalta sataa r\u00e4nt\u00e4\u00e4. Se on biologisesti optimoitu Suomen ilmastoon.<\/li>\n\n\n\n<li>Suomalaista sisukkuuta kuvastaa n\u00e4m\u00e4 avantouinnin pioneerit pulahtaessaan hyiseen veteen, kun taas ihmiset tarvitsevat neopreenitossut ja pipon. <\/li>\n\n\n\n<li>Suomalaiset eiv\u00e4t paljoa puhua pukahda, ankan edustus on t\u00e4ss\u00e4kin Suomen puolella. Lyhyt ja ytimek\u00e4s <strong>KVAAK<\/strong> &#8211; kuvastaa &#8220;<em>mm, nii, joo, juu ei, ei kiitos en halua puhua tunteistani, voisitko pysy\u00e4 noin 5 metrin et\u00e4isyyden p\u00e4\u00e4ss\u00e4 bussipys\u00e4kill\u00e4, KIITOS!!!<\/em>&#8220;.<\/li>\n\n\n\n<li>Suomen historian &#8220;hiihdettiin kouluun kes\u00e4t sek\u00e4 talvet aina yl\u00e4m\u00e4keen&#8221; kuvastaa my\u00f6s ankan nirsoilumattomuus. Sille passaa aivan hyvin vettynyt ranskalainen torilta yht\u00e4 hyvin kuin lihapiirakka silakalle.<\/li>\n<\/ul>\n<\/div>\n\n\n<div class=\"wp-block-image is-style-default\">\n<figure class=\"aligncenter size-large is-resized\"><img loading=\"lazy\" decoding=\"async\" width=\"683\" height=\"1024\" src=\"https:\/\/www.kristar.vlab.fi\/ankka\/wp-content\/uploads\/2025\/12\/pexels-ayco-world-108848112-35186043-683x1024.jpg\" alt=\"\" class=\"wp-image-8\" style=\"aspect-ratio:0.6669939206283276;width:337px;height:auto\" srcset=\"https:\/\/www.kristar.vlab.fi\/ankka\/wp-content\/uploads\/2025\/12\/pexels-ayco-world-108848112-35186043-683x1024.jpg 683w, https:\/\/www.kristar.vlab.fi\/ankka\/wp-content\/uploads\/2025\/12\/pexels-ayco-world-108848112-35186043-200x300.jpg 200w, https:\/\/www.kristar.vlab.fi\/ankka\/wp-content\/uploads\/2025\/12\/pexels-ayco-world-108848112-35186043-768x1152.jpg 768w, https:\/\/www.kristar.vlab.fi\/ankka\/wp-content\/uploads\/2025\/12\/pexels-ayco-world-108848112-35186043-1024x1536.jpg 1024w, https:\/\/www.kristar.vlab.fi\/ankka\/wp-content\/uploads\/2025\/12\/pexels-ayco-world-108848112-35186043-1365x2048.jpg 1365w, https:\/\/www.kristar.vlab.fi\/ankka\/wp-content\/uploads\/2025\/12\/pexels-ayco-world-108848112-35186043-scaled.jpg 1707w\" sizes=\"auto, (max-width: 683px) 100vw, 683px\" \/><\/figure>\n<\/div>\n\n\n<h2 class=\"wp-block-heading has-text-color has-link-color has-medium-font-size wp-elements-d504f52514bda14c9a568a0c2f8c0f81\" style=\"color:#2839f4\"><strong><b>Miksi karhu ja laulujoutsen eiv\u00e4t siis sovi Suomen kansallisel\u00e4imiksi?<\/b><\/strong><\/h2>\n\n\n\n<ul class=\"wp-block-list\">\n<li>Suomalaiset tunnetaan talvisodan sankareina, karhu ei ole edes hereill\u00e4 talvella&#8230; <em>pathetic<\/em>. Haluammeko todella viesti\u00e4 maailmalle, ett\u00e4 olemme kansa, joka ei <em>viitsi <\/em>nousta ennen huhtikuuta??? Ankka on hereill\u00e4 ja valppaana!<\/li>\n\n\n\n<li>Laulujoutsen taas turhan elitistinen. Joutsen on kuin naapuri, jolla on aina valkoinen auto pesty, nurmikko leikattu p\u00e4\u00e4lt\u00e4 ajettavalla <a href=\"https:\/\/websala.fi\/tuote\/stiga-a-750-robottiruohonleikkuri\/\"><\/a><a href=\"https:\/\/websala.fi\/tuote\/robomow-rk-4000-robottiruohonleikkuri-4000\/\">Robomow RK 4000 Robottiruohonleikkuri 4000 m\u00b2<\/a>, jossa on \u00e4lyk\u00e4s leikkuuj\u00e4rjestelm\u00e4 ja rajalanka mukana!<\/li>\n<\/ul>\n\n\n\n<blockquote class=\"wp-block-quote is-layout-flow wp-block-quote-is-layout-flow\">\n<p><em>&#8220;El\u00e4m\u00e4 ei ole sateen pakoilua. Se on sit\u00e4, ett\u00e4 opettelee kellumaan ja n\u00e4ytt\u00e4m\u00e4\u00e4n hyv\u00e4lt\u00e4, vaikka r\u00e4pyl\u00e4t k\u00e4visiv\u00e4t pinnan alla kierroksilla.&#8221;<\/em><\/p>\n<\/blockquote>\n","protected":false},"excerpt":{"rendered":"<p>Miksi ankan pit\u00e4isi olla Suomen kansallisel\u00e4in? &#8220;T\u00e4rkeint\u00e4 ei ole p\u00e4\u00e4m\u00e4\u00e4r\u00e4, vaan se, kuka heitt\u00e4\u00e4 rannalta parhaimmat ev\u00e4\u00e4t.&#8221; Yleissivistykseen kuuluu, ett\u00e4 Suomen kansallisel\u00e4in on karhu ja kansallislintu laulujoutsen. Syit\u00e4 miksi juuri ankan pit\u00e4isi edustaa Suomea el\u00e4inten mittel\u00f6ss\u00e4: Miksi karhu ja laulujoutsen &hellip; <a href=\"https:\/\/www.kristar.vlab.fi\/ankka\/miksi-ankan-pitaisi-olla-suomen-kansalliselain\/\">Continue reading <span class=\"meta-nav\">&rarr;<\/span><\/a><\/p>\n","protected":false},"author":1,"featured_media":0,"parent":0,"menu_order":4,"comment_status":"closed","ping_status":"closed","template":"","meta":{"footnotes":""},"class_list":["post-13","page","type-page","status-publish","hentry"],"yoast_head":"<!-- This site is optimized with the Yoast SEO plugin v27.4 - https:\/\/yoast.com\/product\/yoast-seo-wordpress\/ -->\n<title>Miksi ankan pit\u00e4isi olla Suomen kansallisel\u00e4in? - Ankkain vallankumous<\/title>\n<meta name=\"robots\" content=\"index, follow, max-snippet:-1, max-image-preview:large, max-video-preview:-1\" \/>\n<link rel=\"canonical\" href=\"https:\/\/www.kristar.vlab.fi\/ankka\/miksi-ankan-pitaisi-olla-suomen-kansalliselain\/\" \/>\n<meta property=\"og:locale\" content=\"en_US\" \/>\n<meta property=\"og:type\" content=\"article\" \/>\n<meta property=\"og:title\" content=\"Miksi ankan pit\u00e4isi olla Suomen kansallisel\u00e4in? - Ankkain vallankumous\" \/>\n<meta property=\"og:description\" content=\"Miksi ankan pit\u00e4isi olla Suomen kansallisel\u00e4in? &#8220;T\u00e4rkeint\u00e4 ei ole p\u00e4\u00e4m\u00e4\u00e4r\u00e4, vaan se, kuka heitt\u00e4\u00e4 rannalta parhaimmat ev\u00e4\u00e4t.&#8221; Yleissivistykseen kuuluu, ett\u00e4 Suomen kansallisel\u00e4in on karhu ja kansallislintu laulujoutsen. Syit\u00e4 miksi juuri ankan pit\u00e4isi edustaa Suomea el\u00e4inten mittel\u00f6ss\u00e4: Miksi karhu ja laulujoutsen &hellip; Continue reading &rarr;\" \/>\n<meta property=\"og:url\" content=\"https:\/\/www.kristar.vlab.fi\/ankka\/miksi-ankan-pitaisi-olla-suomen-kansalliselain\/\" \/>\n<meta property=\"og:site_name\" content=\"Ankkain vallankumous\" \/>\n<meta property=\"article:modified_time\" content=\"2025-12-14T15:11:25+00:00\" \/>\n<meta property=\"og:image\" content=\"http:\/\/www.kristar.vlab.fi\/ankka\/wp-content\/uploads\/2025\/12\/pexels-ayco-world-108848112-35186043-683x1024.jpg\" \/>\n<meta name=\"twitter:card\" content=\"summary_large_image\" \/>\n<meta name=\"twitter:label1\" content=\"Est. reading time\" \/>\n\t<meta name=\"twitter:data1\" content=\"1 minute\" \/>\n<script type=\"application\/ld+json\" class=\"yoast-schema-graph\">{\"@context\":\"https:\\\/\\\/schema.org\",\"@graph\":[{\"@type\":\"WebPage\",\"@id\":\"https:\\\/\\\/www.kristar.vlab.fi\\\/ankka\\\/miksi-ankan-pitaisi-olla-suomen-kansalliselain\\\/\",\"url\":\"https:\\\/\\\/www.kristar.vlab.fi\\\/ankka\\\/miksi-ankan-pitaisi-olla-suomen-kansalliselain\\\/\",\"name\":\"Miksi ankan pit\u00e4isi olla Suomen kansallisel\u00e4in? - Ankkain vallankumous\",\"isPartOf\":{\"@id\":\"https:\\\/\\\/www.kristar.vlab.fi\\\/ankka\\\/#website\"},\"primaryImageOfPage\":{\"@id\":\"https:\\\/\\\/www.kristar.vlab.fi\\\/ankka\\\/miksi-ankan-pitaisi-olla-suomen-kansalliselain\\\/#primaryimage\"},\"image\":{\"@id\":\"https:\\\/\\\/www.kristar.vlab.fi\\\/ankka\\\/miksi-ankan-pitaisi-olla-suomen-kansalliselain\\\/#primaryimage\"},\"thumbnailUrl\":\"http:\\\/\\\/www.kristar.vlab.fi\\\/ankka\\\/wp-content\\\/uploads\\\/2025\\\/12\\\/pexels-ayco-world-108848112-35186043-683x1024.jpg\",\"datePublished\":\"2025-12-13T18:41:17+00:00\",\"dateModified\":\"2025-12-14T15:11:25+00:00\",\"breadcrumb\":{\"@id\":\"https:\\\/\\\/www.kristar.vlab.fi\\\/ankka\\\/miksi-ankan-pitaisi-olla-suomen-kansalliselain\\\/#breadcrumb\"},\"inLanguage\":\"en\",\"potentialAction\":[{\"@type\":\"ReadAction\",\"target\":[\"https:\\\/\\\/www.kristar.vlab.fi\\\/ankka\\\/miksi-ankan-pitaisi-olla-suomen-kansalliselain\\\/\"]}]},{\"@type\":\"ImageObject\",\"inLanguage\":\"en\",\"@id\":\"https:\\\/\\\/www.kristar.vlab.fi\\\/ankka\\\/miksi-ankan-pitaisi-olla-suomen-kansalliselain\\\/#primaryimage\",\"url\":\"http:\\\/\\\/www.kristar.vlab.fi\\\/ankka\\\/wp-content\\\/uploads\\\/2025\\\/12\\\/pexels-ayco-world-108848112-35186043-683x1024.jpg\",\"contentUrl\":\"http:\\\/\\\/www.kristar.vlab.fi\\\/ankka\\\/wp-content\\\/uploads\\\/2025\\\/12\\\/pexels-ayco-world-108848112-35186043-683x1024.jpg\"},{\"@type\":\"BreadcrumbList\",\"@id\":\"https:\\\/\\\/www.kristar.vlab.fi\\\/ankka\\\/miksi-ankan-pitaisi-olla-suomen-kansalliselain\\\/#breadcrumb\",\"itemListElement\":[{\"@type\":\"ListItem\",\"position\":1,\"name\":\"Home\",\"item\":\"https:\\\/\\\/www.kristar.vlab.fi\\\/ankka\\\/\"},{\"@type\":\"ListItem\",\"position\":2,\"name\":\"Miksi ankan pit\u00e4isi olla Suomen kansallisel\u00e4in?\"}]},{\"@type\":\"WebSite\",\"@id\":\"https:\\\/\\\/www.kristar.vlab.fi\\\/ankka\\\/#website\",\"url\":\"https:\\\/\\\/www.kristar.vlab.fi\\\/ankka\\\/\",\"name\":\"Ankkain vallankumous\",\"description\":\"- miksi ankan pit&auml;isi olla Suomen kansallisel&auml;in?\",\"potentialAction\":[{\"@type\":\"SearchAction\",\"target\":{\"@type\":\"EntryPoint\",\"urlTemplate\":\"https:\\\/\\\/www.kristar.vlab.fi\\\/ankka\\\/?s={search_term_string}\"},\"query-input\":{\"@type\":\"PropertyValueSpecification\",\"valueRequired\":true,\"valueName\":\"search_term_string\"}}],\"inLanguage\":\"en\"}]}<\/script>\n<!-- \/ Yoast SEO plugin. -->","yoast_head_json":{"title":"Miksi ankan pit\u00e4isi olla Suomen kansallisel\u00e4in? - Ankkain vallankumous","robots":{"index":"index","follow":"follow","max-snippet":"max-snippet:-1","max-image-preview":"max-image-preview:large","max-video-preview":"max-video-preview:-1"},"canonical":"https:\/\/www.kristar.vlab.fi\/ankka\/miksi-ankan-pitaisi-olla-suomen-kansalliselain\/","og_locale":"en_US","og_type":"article","og_title":"Miksi ankan pit\u00e4isi olla Suomen kansallisel\u00e4in? - Ankkain vallankumous","og_description":"Miksi ankan pit\u00e4isi olla Suomen kansallisel\u00e4in? &#8220;T\u00e4rkeint\u00e4 ei ole p\u00e4\u00e4m\u00e4\u00e4r\u00e4, vaan se, kuka heitt\u00e4\u00e4 rannalta parhaimmat ev\u00e4\u00e4t.&#8221; Yleissivistykseen kuuluu, ett\u00e4 Suomen kansallisel\u00e4in on karhu ja kansallislintu laulujoutsen. Syit\u00e4 miksi juuri ankan pit\u00e4isi edustaa Suomea el\u00e4inten mittel\u00f6ss\u00e4: Miksi karhu ja laulujoutsen &hellip; Continue reading &rarr;","og_url":"https:\/\/www.kristar.vlab.fi\/ankka\/miksi-ankan-pitaisi-olla-suomen-kansalliselain\/","og_site_name":"Ankkain vallankumous","article_modified_time":"2025-12-14T15:11:25+00:00","og_image":[{"url":"http:\/\/www.kristar.vlab.fi\/ankka\/wp-content\/uploads\/2025\/12\/pexels-ayco-world-108848112-35186043-683x1024.jpg","type":"","width":"","height":""}],"twitter_card":"summary_large_image","twitter_misc":{"Est. reading time":"1 minute"},"schema":{"@context":"https:\/\/schema.org","@graph":[{"@type":"WebPage","@id":"https:\/\/www.kristar.vlab.fi\/ankka\/miksi-ankan-pitaisi-olla-suomen-kansalliselain\/","url":"https:\/\/www.kristar.vlab.fi\/ankka\/miksi-ankan-pitaisi-olla-suomen-kansalliselain\/","name":"Miksi ankan pit\u00e4isi olla Suomen kansallisel\u00e4in? - Ankkain vallankumous","isPartOf":{"@id":"https:\/\/www.kristar.vlab.fi\/ankka\/#website"},"primaryImageOfPage":{"@id":"https:\/\/www.kristar.vlab.fi\/ankka\/miksi-ankan-pitaisi-olla-suomen-kansalliselain\/#primaryimage"},"image":{"@id":"https:\/\/www.kristar.vlab.fi\/ankka\/miksi-ankan-pitaisi-olla-suomen-kansalliselain\/#primaryimage"},"thumbnailUrl":"http:\/\/www.kristar.vlab.fi\/ankka\/wp-content\/uploads\/2025\/12\/pexels-ayco-world-108848112-35186043-683x1024.jpg","datePublished":"2025-12-13T18:41:17+00:00","dateModified":"2025-12-14T15:11:25+00:00","breadcrumb":{"@id":"https:\/\/www.kristar.vlab.fi\/ankka\/miksi-ankan-pitaisi-olla-suomen-kansalliselain\/#breadcrumb"},"inLanguage":"en","potentialAction":[{"@type":"ReadAction","target":["https:\/\/www.kristar.vlab.fi\/ankka\/miksi-ankan-pitaisi-olla-suomen-kansalliselain\/"]}]},{"@type":"ImageObject","inLanguage":"en","@id":"https:\/\/www.kristar.vlab.fi\/ankka\/miksi-ankan-pitaisi-olla-suomen-kansalliselain\/#primaryimage","url":"http:\/\/www.kristar.vlab.fi\/ankka\/wp-content\/uploads\/2025\/12\/pexels-ayco-world-108848112-35186043-683x1024.jpg","contentUrl":"http:\/\/www.kristar.vlab.fi\/ankka\/wp-content\/uploads\/2025\/12\/pexels-ayco-world-108848112-35186043-683x1024.jpg"},{"@type":"BreadcrumbList","@id":"https:\/\/www.kristar.vlab.fi\/ankka\/miksi-ankan-pitaisi-olla-suomen-kansalliselain\/#breadcrumb","itemListElement":[{"@type":"ListItem","position":1,"name":"Home","item":"https:\/\/www.kristar.vlab.fi\/ankka\/"},{"@type":"ListItem","position":2,"name":"Miksi ankan pit\u00e4isi olla Suomen kansallisel\u00e4in?"}]},{"@type":"WebSite","@id":"https:\/\/www.kristar.vlab.fi\/ankka\/#website","url":"https:\/\/www.kristar.vlab.fi\/ankka\/","name":"Ankkain vallankumous","description":"- miksi ankan pit&auml;isi olla Suomen kansallisel&auml;in?","potentialAction":[{"@type":"SearchAction","target":{"@type":"EntryPoint","urlTemplate":"https:\/\/www.kristar.vlab.fi\/ankka\/?s={search_term_string}"},"query-input":{"@type":"PropertyValueSpecification","valueRequired":true,"valueName":"search_term_string"}}],"inLanguage":"en"}]}},"_links":{"self":[{"href":"https:\/\/www.kristar.vlab.fi\/ankka\/wp-json\/wp\/v2\/pages\/13","targetHints":{"allow":["GET"]}}],"collection":[{"href":"https:\/\/www.kristar.vlab.fi\/ankka\/wp-json\/wp\/v2\/pages"}],"about":[{"href":"https:\/\/www.kristar.vlab.fi\/ankka\/wp-json\/wp\/v2\/types\/page"}],"author":[{"embeddable":true,"href":"https:\/\/www.kristar.vlab.fi\/ankka\/wp-json\/wp\/v2\/users\/1"}],"replies":[{"embeddable":true,"href":"https:\/\/www.kristar.vlab.fi\/ankka\/wp-json\/wp\/v2\/comments?post=13"}],"version-history":[{"count":6,"href":"https:\/\/www.kristar.vlab.fi\/ankka\/wp-json\/wp\/v2\/pages\/13\/revisions"}],"predecessor-version":[{"id":95,"href":"https:\/\/www.kristar.vlab.fi\/ankka\/wp-json\/wp\/v2\/pages\/13\/revisions\/95"}],"wp:attachment":[{"href":"https:\/\/www.kristar.vlab.fi\/ankka\/wp-json\/wp\/v2\/media?parent=13"}],"curies":[{"name":"wp","href":"https:\/\/api.w.org\/{rel}","templated":true}]}}