{"id":50,"date":"2025-12-13T20:27:00","date_gmt":"2025-12-13T20:27:00","guid":{"rendered":"https:\/\/www.kristar.vlab.fi\/ankka\/?page_id=50"},"modified":"2025-12-14T15:11:00","modified_gmt":"2025-12-14T15:11:00","slug":"kuka-on-ankka","status":"publish","type":"page","link":"https:\/\/www.kristar.vlab.fi\/ankka\/kuka-on-ankka\/","title":{"rendered":"Tietoa ankoista"},"content":{"rendered":"\n<h1 class=\"wp-block-heading has-text-color has-link-color has-large-font-size wp-elements-9e245c7ecd72d1936de1527ccb0c11ed\" style=\"color:#e06300\">Kuka on ankka?<\/h1>\n\n\n\n<p>Ankka on sinisorsan kesytetty, kotiel\u00e4imeksi jalostettu laji.<\/p>\n\n\n\n<p>Sen historian r\u00e4pyl\u00e4t ovat todenn\u00e4k\u00f6isesti l\u00e4ht\u00f6isin Kiinasta yli 2000 vuotta sitten.<\/p>\n\n\n\n<p>Tavallinen ankka on yleens\u00e4 suurempi kuin tavan sinisorsanen.<\/p>\n\n\n\n<figure class=\"wp-block-pullquote has-text-color has-link-color wp-elements-fa78bbc282ea62b39ce5dc55c6b6862c\" style=\"color:#3a2fed\"><blockquote><p>Ankka ei lenn\u00e4, koska sen lentolihas on onneton ruikula. \u2764\ufe0f<\/p><\/blockquote><\/figure>\n\n\n\n<figure class=\"wp-block-image size-large is-style-rounded\"><img loading=\"lazy\" decoding=\"async\" width=\"1024\" height=\"667\" src=\"https:\/\/www.kristar.vlab.fi\/ankka\/wp-content\/uploads\/2025\/12\/pexels-pixabay-209035-1024x667.jpg\" alt=\"\" class=\"wp-image-10\" srcset=\"https:\/\/www.kristar.vlab.fi\/ankka\/wp-content\/uploads\/2025\/12\/pexels-pixabay-209035-1024x667.jpg 1024w, https:\/\/www.kristar.vlab.fi\/ankka\/wp-content\/uploads\/2025\/12\/pexels-pixabay-209035-300x195.jpg 300w, https:\/\/www.kristar.vlab.fi\/ankka\/wp-content\/uploads\/2025\/12\/pexels-pixabay-209035-768x500.jpg 768w, https:\/\/www.kristar.vlab.fi\/ankka\/wp-content\/uploads\/2025\/12\/pexels-pixabay-209035-1536x1000.jpg 1536w, https:\/\/www.kristar.vlab.fi\/ankka\/wp-content\/uploads\/2025\/12\/pexels-pixabay-209035-2048x1334.jpg 2048w\" sizes=\"auto, (max-width: 1024px) 100vw, 1024px\" \/><figcaption class=\"wp-element-caption\">Kuvassa sinisorsa, ankan villi serkku<\/figcaption><\/figure>\n\n\n\n<p><\/p>\n\n\n\n<div class=\"wp-block-columns is-layout-flex wp-container-core-columns-is-layout-9d6595d7 wp-block-columns-is-layout-flex\">\n<div class=\"wp-block-column is-layout-flow wp-block-column-is-layout-flow\">\n<h2 class=\"wp-block-heading has-background has-medium-font-size\" style=\"background-color:#e86d17\">\ud83e\udd50 Nippelitiedon nappulatrivia! \ud83e\udd50<\/h2>\n\n\n\n<p class=\"has-luminous-vivid-amber-to-luminous-vivid-orange-gradient-background has-background\">Ankkakoiraan ja myskisorsanaaraan pienokaista kutsutaan <strong>muuliaasiankaksi.<\/strong><\/p>\n\n\n\n<p class=\"has-luminous-vivid-amber-to-luminous-vivid-orange-gradient-background has-background\">Myskisorsakoiraan ja ankkanaaraan j\u00e4lel\u00e4ist\u00e4 taas <strong>muuliankaksi.<\/strong> <em>Miksi?!<\/em><\/p>\n<\/div>\n\n\n\n<div class=\"wp-block-column is-layout-flow wp-block-column-is-layout-flow\">\n<div class=\"wp-block-group\"><div class=\"wp-block-group__inner-container is-layout-constrained wp-block-group-is-layout-constrained\">\n<div class=\"wp-block-group has-medium-font-size\"><div class=\"wp-block-group__inner-container is-layout-constrained wp-block-group-is-layout-constrained\">\n<h2 class=\"wp-block-heading has-medium-font-size\"><\/h2>\n\n\n\n<figure class=\"wp-block-image size-large\"><img loading=\"lazy\" decoding=\"async\" width=\"1024\" height=\"791\" src=\"https:\/\/www.kristar.vlab.fi\/ankka\/wp-content\/uploads\/2025\/12\/pexels-victor-burnside-42505-157465-1024x791.jpg\" alt=\"\" class=\"wp-image-9\" srcset=\"https:\/\/www.kristar.vlab.fi\/ankka\/wp-content\/uploads\/2025\/12\/pexels-victor-burnside-42505-157465-1024x791.jpg 1024w, https:\/\/www.kristar.vlab.fi\/ankka\/wp-content\/uploads\/2025\/12\/pexels-victor-burnside-42505-157465-300x232.jpg 300w, https:\/\/www.kristar.vlab.fi\/ankka\/wp-content\/uploads\/2025\/12\/pexels-victor-burnside-42505-157465-768x593.jpg 768w, https:\/\/www.kristar.vlab.fi\/ankka\/wp-content\/uploads\/2025\/12\/pexels-victor-burnside-42505-157465-1536x1187.jpg 1536w, https:\/\/www.kristar.vlab.fi\/ankka\/wp-content\/uploads\/2025\/12\/pexels-victor-burnside-42505-157465-2048x1583.jpg 2048w\" sizes=\"auto, (max-width: 1024px) 100vw, 1024px\" \/><\/figure>\n\n\n\n<p><\/p>\n<\/div><\/div>\n<\/div><\/div>\n<\/div>\n<\/div>\n\n\n\n<p><\/p>\n","protected":false},"excerpt":{"rendered":"<p>Kuka on ankka? Ankka on sinisorsan kesytetty, kotiel\u00e4imeksi jalostettu laji. Sen historian r\u00e4pyl\u00e4t ovat todenn\u00e4k\u00f6isesti l\u00e4ht\u00f6isin Kiinasta yli 2000 vuotta sitten. Tavallinen ankka on yleens\u00e4 suurempi kuin tavan sinisorsanen. Ankka ei lenn\u00e4, koska sen lentolihas on onneton ruikula. \u2764\ufe0f \ud83e\udd50 &hellip; <a href=\"https:\/\/www.kristar.vlab.fi\/ankka\/kuka-on-ankka\/\">Continue reading <span class=\"meta-nav\">&rarr;<\/span><\/a><\/p>\n","protected":false},"author":1,"featured_media":0,"parent":0,"menu_order":1,"comment_status":"closed","ping_status":"closed","template":"","meta":{"footnotes":""},"class_list":["post-50","page","type-page","status-publish","hentry"],"yoast_head":"<!-- This site is optimized with the Yoast SEO plugin v27.4 - https:\/\/yoast.com\/product\/yoast-seo-wordpress\/ -->\n<title>Tietoa ankoista - Ankkain vallankumous<\/title>\n<meta name=\"robots\" content=\"index, follow, max-snippet:-1, max-image-preview:large, max-video-preview:-1\" \/>\n<link rel=\"canonical\" href=\"https:\/\/www.kristar.vlab.fi\/ankka\/kuka-on-ankka\/\" \/>\n<meta property=\"og:locale\" content=\"en_US\" \/>\n<meta property=\"og:type\" content=\"article\" \/>\n<meta property=\"og:title\" content=\"Tietoa ankoista - Ankkain vallankumous\" \/>\n<meta property=\"og:description\" content=\"Kuka on ankka? Ankka on sinisorsan kesytetty, kotiel\u00e4imeksi jalostettu laji. Sen historian r\u00e4pyl\u00e4t ovat todenn\u00e4k\u00f6isesti l\u00e4ht\u00f6isin Kiinasta yli 2000 vuotta sitten. Tavallinen ankka on yleens\u00e4 suurempi kuin tavan sinisorsanen. Ankka ei lenn\u00e4, koska sen lentolihas on onneton ruikula. \u2764\ufe0f \ud83e\udd50 &hellip; Continue reading &rarr;\" \/>\n<meta property=\"og:url\" content=\"https:\/\/www.kristar.vlab.fi\/ankka\/kuka-on-ankka\/\" \/>\n<meta property=\"og:site_name\" content=\"Ankkain vallankumous\" \/>\n<meta property=\"article:modified_time\" content=\"2025-12-14T15:11:00+00:00\" \/>\n<meta property=\"og:image\" content=\"https:\/\/www.kristar.vlab.fi\/ankka\/wp-content\/uploads\/2025\/12\/pexels-pixabay-209035-scaled.jpg\" \/>\n\t<meta property=\"og:image:width\" content=\"2560\" \/>\n\t<meta property=\"og:image:height\" content=\"1667\" \/>\n\t<meta property=\"og:image:type\" content=\"image\/jpeg\" \/>\n<meta name=\"twitter:card\" content=\"summary_large_image\" \/>\n<script type=\"application\/ld+json\" class=\"yoast-schema-graph\">{\"@context\":\"https:\\\/\\\/schema.org\",\"@graph\":[{\"@type\":\"WebPage\",\"@id\":\"https:\\\/\\\/www.kristar.vlab.fi\\\/ankka\\\/kuka-on-ankka\\\/\",\"url\":\"https:\\\/\\\/www.kristar.vlab.fi\\\/ankka\\\/kuka-on-ankka\\\/\",\"name\":\"Tietoa ankoista - Ankkain vallankumous\",\"isPartOf\":{\"@id\":\"https:\\\/\\\/www.kristar.vlab.fi\\\/ankka\\\/#website\"},\"primaryImageOfPage\":{\"@id\":\"https:\\\/\\\/www.kristar.vlab.fi\\\/ankka\\\/kuka-on-ankka\\\/#primaryimage\"},\"image\":{\"@id\":\"https:\\\/\\\/www.kristar.vlab.fi\\\/ankka\\\/kuka-on-ankka\\\/#primaryimage\"},\"thumbnailUrl\":\"https:\\\/\\\/www.kristar.vlab.fi\\\/ankka\\\/wp-content\\\/uploads\\\/2025\\\/12\\\/pexels-pixabay-209035-1024x667.jpg\",\"datePublished\":\"2025-12-13T20:27:00+00:00\",\"dateModified\":\"2025-12-14T15:11:00+00:00\",\"breadcrumb\":{\"@id\":\"https:\\\/\\\/www.kristar.vlab.fi\\\/ankka\\\/kuka-on-ankka\\\/#breadcrumb\"},\"inLanguage\":\"en\",\"potentialAction\":[{\"@type\":\"ReadAction\",\"target\":[\"https:\\\/\\\/www.kristar.vlab.fi\\\/ankka\\\/kuka-on-ankka\\\/\"]}]},{\"@type\":\"ImageObject\",\"inLanguage\":\"en\",\"@id\":\"https:\\\/\\\/www.kristar.vlab.fi\\\/ankka\\\/kuka-on-ankka\\\/#primaryimage\",\"url\":\"https:\\\/\\\/www.kristar.vlab.fi\\\/ankka\\\/wp-content\\\/uploads\\\/2025\\\/12\\\/pexels-pixabay-209035-scaled.jpg\",\"contentUrl\":\"https:\\\/\\\/www.kristar.vlab.fi\\\/ankka\\\/wp-content\\\/uploads\\\/2025\\\/12\\\/pexels-pixabay-209035-scaled.jpg\",\"width\":2560,\"height\":1667},{\"@type\":\"BreadcrumbList\",\"@id\":\"https:\\\/\\\/www.kristar.vlab.fi\\\/ankka\\\/kuka-on-ankka\\\/#breadcrumb\",\"itemListElement\":[{\"@type\":\"ListItem\",\"position\":1,\"name\":\"Home\",\"item\":\"https:\\\/\\\/www.kristar.vlab.fi\\\/ankka\\\/\"},{\"@type\":\"ListItem\",\"position\":2,\"name\":\"Tietoa ankoista\"}]},{\"@type\":\"WebSite\",\"@id\":\"https:\\\/\\\/www.kristar.vlab.fi\\\/ankka\\\/#website\",\"url\":\"https:\\\/\\\/www.kristar.vlab.fi\\\/ankka\\\/\",\"name\":\"Ankkain vallankumous\",\"description\":\"- miksi ankan pit&auml;isi olla Suomen kansallisel&auml;in?\",\"potentialAction\":[{\"@type\":\"SearchAction\",\"target\":{\"@type\":\"EntryPoint\",\"urlTemplate\":\"https:\\\/\\\/www.kristar.vlab.fi\\\/ankka\\\/?s={search_term_string}\"},\"query-input\":{\"@type\":\"PropertyValueSpecification\",\"valueRequired\":true,\"valueName\":\"search_term_string\"}}],\"inLanguage\":\"en\"}]}<\/script>\n<!-- \/ Yoast SEO plugin. -->","yoast_head_json":{"title":"Tietoa ankoista - Ankkain vallankumous","robots":{"index":"index","follow":"follow","max-snippet":"max-snippet:-1","max-image-preview":"max-image-preview:large","max-video-preview":"max-video-preview:-1"},"canonical":"https:\/\/www.kristar.vlab.fi\/ankka\/kuka-on-ankka\/","og_locale":"en_US","og_type":"article","og_title":"Tietoa ankoista - Ankkain vallankumous","og_description":"Kuka on ankka? Ankka on sinisorsan kesytetty, kotiel\u00e4imeksi jalostettu laji. Sen historian r\u00e4pyl\u00e4t ovat todenn\u00e4k\u00f6isesti l\u00e4ht\u00f6isin Kiinasta yli 2000 vuotta sitten. Tavallinen ankka on yleens\u00e4 suurempi kuin tavan sinisorsanen. Ankka ei lenn\u00e4, koska sen lentolihas on onneton ruikula. \u2764\ufe0f \ud83e\udd50 &hellip; Continue reading &rarr;","og_url":"https:\/\/www.kristar.vlab.fi\/ankka\/kuka-on-ankka\/","og_site_name":"Ankkain vallankumous","article_modified_time":"2025-12-14T15:11:00+00:00","og_image":[{"width":2560,"height":1667,"url":"https:\/\/www.kristar.vlab.fi\/ankka\/wp-content\/uploads\/2025\/12\/pexels-pixabay-209035-scaled.jpg","type":"image\/jpeg"}],"twitter_card":"summary_large_image","schema":{"@context":"https:\/\/schema.org","@graph":[{"@type":"WebPage","@id":"https:\/\/www.kristar.vlab.fi\/ankka\/kuka-on-ankka\/","url":"https:\/\/www.kristar.vlab.fi\/ankka\/kuka-on-ankka\/","name":"Tietoa ankoista - Ankkain vallankumous","isPartOf":{"@id":"https:\/\/www.kristar.vlab.fi\/ankka\/#website"},"primaryImageOfPage":{"@id":"https:\/\/www.kristar.vlab.fi\/ankka\/kuka-on-ankka\/#primaryimage"},"image":{"@id":"https:\/\/www.kristar.vlab.fi\/ankka\/kuka-on-ankka\/#primaryimage"},"thumbnailUrl":"https:\/\/www.kristar.vlab.fi\/ankka\/wp-content\/uploads\/2025\/12\/pexels-pixabay-209035-1024x667.jpg","datePublished":"2025-12-13T20:27:00+00:00","dateModified":"2025-12-14T15:11:00+00:00","breadcrumb":{"@id":"https:\/\/www.kristar.vlab.fi\/ankka\/kuka-on-ankka\/#breadcrumb"},"inLanguage":"en","potentialAction":[{"@type":"ReadAction","target":["https:\/\/www.kristar.vlab.fi\/ankka\/kuka-on-ankka\/"]}]},{"@type":"ImageObject","inLanguage":"en","@id":"https:\/\/www.kristar.vlab.fi\/ankka\/kuka-on-ankka\/#primaryimage","url":"https:\/\/www.kristar.vlab.fi\/ankka\/wp-content\/uploads\/2025\/12\/pexels-pixabay-209035-scaled.jpg","contentUrl":"https:\/\/www.kristar.vlab.fi\/ankka\/wp-content\/uploads\/2025\/12\/pexels-pixabay-209035-scaled.jpg","width":2560,"height":1667},{"@type":"BreadcrumbList","@id":"https:\/\/www.kristar.vlab.fi\/ankka\/kuka-on-ankka\/#breadcrumb","itemListElement":[{"@type":"ListItem","position":1,"name":"Home","item":"https:\/\/www.kristar.vlab.fi\/ankka\/"},{"@type":"ListItem","position":2,"name":"Tietoa ankoista"}]},{"@type":"WebSite","@id":"https:\/\/www.kristar.vlab.fi\/ankka\/#website","url":"https:\/\/www.kristar.vlab.fi\/ankka\/","name":"Ankkain vallankumous","description":"- miksi ankan pit&auml;isi olla Suomen kansallisel&auml;in?","potentialAction":[{"@type":"SearchAction","target":{"@type":"EntryPoint","urlTemplate":"https:\/\/www.kristar.vlab.fi\/ankka\/?s={search_term_string}"},"query-input":{"@type":"PropertyValueSpecification","valueRequired":true,"valueName":"search_term_string"}}],"inLanguage":"en"}]}},"_links":{"self":[{"href":"https:\/\/www.kristar.vlab.fi\/ankka\/wp-json\/wp\/v2\/pages\/50","targetHints":{"allow":["GET"]}}],"collection":[{"href":"https:\/\/www.kristar.vlab.fi\/ankka\/wp-json\/wp\/v2\/pages"}],"about":[{"href":"https:\/\/www.kristar.vlab.fi\/ankka\/wp-json\/wp\/v2\/types\/page"}],"author":[{"embeddable":true,"href":"https:\/\/www.kristar.vlab.fi\/ankka\/wp-json\/wp\/v2\/users\/1"}],"replies":[{"embeddable":true,"href":"https:\/\/www.kristar.vlab.fi\/ankka\/wp-json\/wp\/v2\/comments?post=50"}],"version-history":[{"count":8,"href":"https:\/\/www.kristar.vlab.fi\/ankka\/wp-json\/wp\/v2\/pages\/50\/revisions"}],"predecessor-version":[{"id":92,"href":"https:\/\/www.kristar.vlab.fi\/ankka\/wp-json\/wp\/v2\/pages\/50\/revisions\/92"}],"wp:attachment":[{"href":"https:\/\/www.kristar.vlab.fi\/ankka\/wp-json\/wp\/v2\/media?parent=50"}],"curies":[{"name":"wp","href":"https:\/\/api.w.org\/{rel}","templated":true}]}}