{"id":57,"date":"2025-12-13T20:40:07","date_gmt":"2025-12-13T20:40:07","guid":{"rendered":"https:\/\/www.kristar.vlab.fi\/ankka\/?page_id=57"},"modified":"2025-12-14T15:26:06","modified_gmt":"2025-12-14T15:26:06","slug":"kuvat-ja-videot","status":"publish","type":"page","link":"https:\/\/www.kristar.vlab.fi\/ankka\/kuvat-ja-videot\/","title":{"rendered":"Kuvat ja videot"},"content":{"rendered":"\n<h2 class=\"wp-block-heading .page .entry-title { display: none; } has-text-color has-link-color has-large-font-size wp-elements-9a5861dfbd8ec8ca2f0c0466b4601cd2\" style=\"color:#1a1ae3\">Kuvat ja videot <\/h2>\n\n\n\n<h2 class=\"wp-block-heading has-text-color has-link-color wp-elements-498f42bf34ba9863bb297619fdd9e22f\" style=\"color:#f08818\">T\u00e4ss\u00e4 p\u00e4iv\u00e4n piristykseksi viel\u00e4 s\u00f6p\u00f6j\u00e4 videoita ja kuvia ankoista! \ud83d\ude0d<\/h2>\n\n\n\n<figure class=\"wp-block-embed is-type-video is-provider-youtube wp-block-embed-youtube wp-embed-aspect-16-9 wp-has-aspect-ratio\"><div class=\"wp-block-embed__wrapper\">\n<iframe loading=\"lazy\" title=\"Happy backyard ducks swimming in fresh water\" width=\"584\" height=\"329\" src=\"https:\/\/www.youtube.com\/embed\/X6dANXiP-3E?list=PL6Uk3eovPgBndiHpvlp1bcy_FEkaNIXmY\" frameborder=\"0\" allow=\"accelerometer; autoplay; clipboard-write; encrypted-media; gyroscope; picture-in-picture; web-share\" referrerpolicy=\"strict-origin-when-cross-origin\" allowfullscreen><\/iframe>\n<\/div><\/figure>\n\n\n\n<figure class=\"wp-block-embed is-type-video is-provider-youtube wp-block-embed-youtube wp-embed-aspect-16-9 wp-has-aspect-ratio\"><div class=\"wp-block-embed__wrapper\">\n<iframe loading=\"lazy\" title=\"Best moments with funny ducklings\" width=\"584\" height=\"329\" src=\"https:\/\/www.youtube.com\/embed\/eSil84l-he0?feature=oembed\" frameborder=\"0\" allow=\"accelerometer; autoplay; clipboard-write; encrypted-media; gyroscope; picture-in-picture; web-share\" referrerpolicy=\"strict-origin-when-cross-origin\" allowfullscreen><\/iframe>\n<\/div><\/figure>\n\n\n\n<p class=\"has-text-color has-link-color wp-elements-30855fb25febc6e22782cd142a31b417\" style=\"color:#f08818\"><\/p>\n\n\n\n<p class=\"has-text-color has-link-color wp-elements-aa78b5c0a0e8d0a4901642bae2c5321b\" style=\"color:#2e08d8\"><strong>Kuvagalleria:<\/strong><\/p>\n\n\n<div\n    class=\"align wp-block-bsb-slider\"    id='bsbCarousel-8ee7d6d8-3' \n    data-attributes='{&quot;layoutType&quot;:&quot;default&quot;,&quot;sourceType&quot;:&quot;image&quot;,&quot;cId&quot;:&quot;8ee7d6d8-3&quot;,&quot;sliders&quot;:[{&quot;img&quot;:{&quot;id&quot;:61,&quot;url&quot;:&quot;https:\\\/\\\/www.kristar.vlab.fi\\\/ankka\\\/wp-content\\\/uploads\\\/2025\\\/12\\\/pexels-osviel91-35096289-scaled.jpg&quot;,&quot;alt&quot;:&quot;&quot;,&quot;title&quot;:&quot;pexels-osviel91-35096289&quot;,&quot;caption&quot;:&quot;&quot;},&quot;video&quot;:&quot;&quot;,&quot;title&quot;:&quot;&quot;,&quot;desc&quot;:&quot;&quot;,&quot;btnLabel&quot;:&quot;&quot;,&quot;btnUrl&quot;:&quot;https:\\\/\\\/wordpress.org\\\/plugins\\\/b-slider\\\/&quot;,&quot;target&quot;:false,&quot;altText&quot;:null},{&quot;img&quot;:{&quot;id&quot;:63,&quot;url&quot;:&quot;https:\\\/\\\/www.kristar.vlab.fi\\\/ankka\\\/wp-content\\\/uploads\\\/2025\\\/12\\\/pexels-pixabay-33110-scaled.jpg&quot;,&quot;alt&quot;:&quot;&quot;,&quot;title&quot;:&quot;pexels-pixabay-33110&quot;,&quot;caption&quot;:&quot;&quot;},&quot;video&quot;:&quot;&quot;,&quot;isPoster&quot;:true,&quot;title&quot;:&quot;&quot;,&quot;desc&quot;:&quot;&quot;,&quot;btnLabel&quot;:&quot;&quot;,&quot;btnUrl&quot;:&quot;https:\\\/\\\/wordpress.org\\\/plugins\\\/b-slider\\\/&quot;,&quot;target&quot;:false},{&quot;image&quot;:{&quot;id&quot;:null,&quot;url&quot;:&quot;&quot;,&quot;alt&quot;:&quot;&quot;,&quot;title&quot;:&quot;&quot;},&quot;poster&quot;:&quot;&quot;,&quot;action&quot;:&quot;none&quot;,&quot;link&quot;:&quot;&quot;,&quot;caption&quot;:&quot;&quot;,&quot;img&quot;:{&quot;id&quot;:62,&quot;url&quot;:&quot;https:\\\/\\\/www.kristar.vlab.fi\\\/ankka\\\/wp-content\\\/uploads\\\/2025\\\/12\\\/pexels-aksbykas-3720889-scaled.jpg&quot;,&quot;alt&quot;:&quot;&quot;,&quot;title&quot;:&quot;pexels-aksbykas-3720889&quot;,&quot;caption&quot;:&quot;&quot;},&quot;title&quot;:&quot;&quot;,&quot;desc&quot;:&quot;&quot;,&quot;btnLabel&quot;:&quot;&quot;}],&quot;columnGap&quot;:&quot;9px&quot;,&quot;SliderOverly&quot;:&quot;rgba(255, 255, 255, 0)&quot;,&quot;align&quot;:&quot;&quot;,&quot;postsQuery&quot;:{&quot;post_type&quot;:&quot;post&quot;,&quot;selectedCategories&quot;:[],&quot;selectedTags&quot;:[],&quot;per_page&quot;:12,&quot;orderby&quot;:&quot;date&quot;,&quot;order&quot;:&quot;desc&quot;,&quot;offset&quot;:0,&quot;include&quot;:[],&quot;exclude&quot;:[],&quot;selectedTaxonomies&quot;:[],&quot;isExcludeCurrent&quot;:false,&quot;isExcerptFromContent&quot;:true,&quot;excerptLength&quot;:25,&quot;paginationCurrentPage&quot;:1,&quot;fImgSize&quot;:&quot;full&quot;,&quot;metaDateFormat&quot;:&quot;M j, Y&quot;},&quot;woocommerceQuery&quot;:{&quot;categories&quot;:[],&quot;limit&quot;:-1,&quot;order_by&quot;:&quot;menu_order&quot;,&quot;order&quot;:&quot;&quot;},&quot;button&quot;:{&quot;text&quot;:&quot;Learn More&quot;},&quot;columns&quot;:{&quot;desktop&quot;:3,&quot;tablet&quot;:2,&quot;mobile&quot;:1},&quot;rowGap&quot;:&quot;30px&quot;,&quot;carousel&quot;:{&quot;carouselStyle&quot;:&quot;standard&quot;,&quot;isAutoPlay&quot;:true,&quot;autoPlayDelay&quot;:2000,&quot;mousewheel&quot;:false,&quot;effect&quot;:&quot;none&quot;,&quot;grabCursor&quot;:false,&quot;loop&quot;:true,&quot;reverseDirection&quot;:false,&quot;caroDirection&quot;:&quot;horizontal&quot;,&quot;navigation&quot;:true,&quot;pagination&quot;:true},&quot;grid&quot;:{&quot;paginationType&quot;:&quot;pagination&quot;,&quot;loadMoreBtn&quot;:{&quot;typo&quot;:{&quot;fontSize&quot;:{&quot;desktop&quot;:25,&quot;tablet&quot;:20,&quot;mobile&quot;:15},&quot;fontWeight&quot;:700,&quot;lineHeight&quot;:&quot;135%&quot;},&quot;colors&quot;:{&quot;color&quot;:&quot;#000&quot;,&quot;bg&quot;:&quot;#f0f0f1&quot;},&quot;hovColors&quot;:{&quot;color&quot;:&quot;#fff&quot;,&quot;bg&quot;:&quot;#000&quot;},&quot;padding&quot;:{&quot;top&quot;:&quot;10px&quot;,&quot;right&quot;:&quot;20px&quot;,&quot;bottom&quot;:&quot;10px&quot;,&quot;left&quot;:&quot;20px&quot;},&quot;border&quot;:{&quot;color&quot;:&quot;#e1e1e1&quot;,&quot;style&quot;:&quot;solid&quot;,&quot;width&quot;:&quot;0px&quot;},&quot;radius&quot;:{&quot;top&quot;:&quot;3px&quot;,&quot;right&quot;:&quot;3px&quot;,&quot;bottom&quot;:&quot;3px&quot;,&quot;left&quot;:&quot;3px&quot;}}},&quot;thumbnails&quot;:{&quot;overly&quot;:{&quot;color&quot;:&quot;&quot;},&quot;height&quot;:{&quot;desktop&quot;:&quot;120px&quot;,&quot;tablet&quot;:&quot;&quot;,&quot;mobile&quot;:&quot;&quot;},&quot;position&quot;:{&quot;desktop&quot;:&quot;bottom&quot;},&quot;width&quot;:{&quot;desktop&quot;:&quot;30%&quot;,&quot;tablet&quot;:&quot;20%&quot;,&quot;mobile&quot;:&quot;15%&quot;},&quot;active&quot;:{&quot;color&quot;:&quot;#00000000&quot;,&quot;border&quot;:{&quot;color&quot;:&quot;#000&quot;,&quot;style&quot;:&quot;solid&quot;,&quot;width&quot;:&quot;0px&quot;}}},&quot;videoConf&quot;:{&quot;controls&quot;:{&quot;play-large&quot;:true,&quot;restart&quot;:false,&quot;rewind&quot;:true,&quot;play&quot;:true,&quot;fast-forward&quot;:true,&quot;progress&quot;:true,&quot;current-time&quot;:true,&quot;duration&quot;:false,&quot;mute&quot;:true,&quot;volume&quot;:true,&quot;pip&quot;:false,&quot;airplay&quot;:false,&quot;settings&quot;:true,&quot;download&quot;:false,&quot;fullscreen&quot;:true},&quot;isPopup&quot;:true,&quot;icon&quot;:true,&quot;repeat&quot;:false,&quot;isAutoPlay&quot;:false,&quot;muted&quot;:false,&quot;resetOnEnd&quot;:false,&quot;autoHideControl&quot;:true},&quot;title&quot;:{&quot;tag&quot;:&quot;h5&quot;},&quot;titleFCaption&quot;:false,&quot;titleAnimation&quot;:{&quot;effect&quot;:&quot;fadeInLeft&quot;,&quot;delay&quot;:0,&quot;duration&quot;:0.6999999999999999555910790149937383830547332763671875},&quot;descAnimation&quot;:{&quot;effect&quot;:&quot;fadeInRight&quot;,&quot;delay&quot;:0.6999999999999999555910790149937383830547332763671875,&quot;duration&quot;:0.6999999999999999555910790149937383830547332763671875},&quot;btnAnimation&quot;:{&quot;effect&quot;:&quot;zoomIn&quot;,&quot;delay&quot;:1.399999999999999911182158029987476766109466552734375,&quot;duration&quot;:0.6999999999999999555910790149937383830547332763671875},&quot;isMouseWheel&quot;:false,&quot;isArrowFollowSlide&quot;:false,&quot;isMouseDrag&quot;:false,&quot;slideInnerGap&quot;:&quot;180px&quot;,&quot;slideInnerGapDevice&quot;:{&quot;desktop&quot;:&quot;180px&quot;,&quot;tablet&quot;:&quot;140px&quot;,&quot;mobile&quot;:&quot;100px&quot;},&quot;titleTypo&quot;:{&quot;fontSize&quot;:{&quot;desktop&quot;:20,&quot;tablet&quot;:20,&quot;mobile&quot;:15},&quot;fontWeight&quot;:700,&quot;lineHeight&quot;:&quot;135%&quot;},&quot;titleColor&quot;:&quot;#fff&quot;,&quot;titleMargin&quot;:{&quot;top&quot;:&quot;5px&quot;,&quot;right&quot;:&quot;0px&quot;,&quot;bottom&quot;:&quot;5px&quot;,&quot;left&quot;:&quot;0px&quot;},&quot;descTypo&quot;:{&quot;fontSize&quot;:{&quot;desktop&quot;:18,&quot;tablet&quot;:20,&quot;mobile&quot;:15},&quot;fontWeight&quot;:400,&quot;lineHeight&quot;:&quot;135%&quot;},&quot;descColor&quot;:&quot;#fff&quot;,&quot;descMargin&quot;:{&quot;top&quot;:&quot;5px&quot;,&quot;right&quot;:&quot;0px&quot;,&quot;bottom&quot;:&quot;5px&quot;,&quot;left&quot;:&quot;0px&quot;},&quot;btnTypo&quot;:{&quot;fontSize&quot;:{&quot;desktop&quot;:20,&quot;tablet&quot;:20,&quot;mobile&quot;:15},&quot;fontWeight&quot;:500,&quot;lineHeight&quot;:&quot;135%&quot;},&quot;btnColors&quot;:{&quot;color&quot;:&quot;#fff&quot;,&quot;bg&quot;:&quot;&quot;},&quot;btnHovColors&quot;:{&quot;color&quot;:&quot;#000&quot;,&quot;bg&quot;:&quot;#fff&quot;},&quot;btnPadding&quot;:{&quot;top&quot;:&quot;5px&quot;,&quot;right&quot;:&quot;8px&quot;,&quot;bottom&quot;:&quot;5px&quot;,&quot;left&quot;:&quot;8px&quot;},&quot;btnBorder&quot;:{&quot;color&quot;:&quot;#e1e1e1&quot;,&quot;style&quot;:&quot;solid&quot;,&quot;width&quot;:&quot;3px&quot;},&quot;btnRadius&quot;:&quot;0px&quot;,&quot;arrow&quot;:{&quot;visibility&quot;:true,&quot;size&quot;:48,&quot;color&quot;:&quot;#fff&quot;,&quot;bg&quot;:&quot;transparent&quot;},&quot;arrowWidth&quot;:&quot;50px&quot;,&quot;deviceArrowWidth&quot;:{&quot;desktop&quot;:&quot;50px&quot;,&quot;tablet&quot;:&quot;40px&quot;,&quot;mobile&quot;:&quot;30px&quot;},&quot;deviceArrowHeight&quot;:{&quot;desktop&quot;:&quot;50px&quot;,&quot;tablet&quot;:&quot;40px&quot;,&quot;mobile&quot;:&quot;30px&quot;},&quot;arrowHeight&quot;:&quot;50px&quot;,&quot;arrowRadius&quot;:{&quot;top&quot;:&quot;3px&quot;,&quot;bottom&quot;:&quot;3px&quot;,&quot;left&quot;:&quot;3px&quot;,&quot;right&quot;:&quot;3px&quot;},&quot;arrowBorder&quot;:{&quot;color&quot;:&quot;#000&quot;,&quot;style&quot;:&quot;solid&quot;,&quot;width&quot;:&quot;0px&quot;},&quot;arrowStyle&quot;:&quot;style1&quot;,&quot;indicator&quot;:{&quot;visibility&quot;:true,&quot;type&quot;:&quot;default&quot;,&quot;style&quot;:&quot;&quot;,&quot;color&quot;:&quot;#000&quot;,&quot;activeColor&quot;:&quot;#fff&quot;,&quot;width&quot;:&quot;30px&quot;,&quot;height&quot;:&quot;3px&quot;,&quot;radius&quot;:&quot;0px&quot;,&quot;activeBorder&quot;:{&quot;color&quot;:&quot;#e1e1e1&quot;,&quot;style&quot;:&quot;solid&quot;,&quot;width&quot;:&quot;4px&quot;},&quot;moveFromEdge&quot;:&quot;-15px&quot;,&quot;position&quot;:&quot;bottom-center&quot;,&quot;direction&quot;:&quot;horizontal&quot;},&quot;direction&quot;:&quot;default&quot;,&quot;options&quot;:{&quot;interval&quot;:2000,&quot;ride&quot;:false,&quot;pause&quot;:false,&quot;height&quot;:400,&quot;shuffle&quot;:false},&quot;animation&quot;:&quot;default&quot;,&quot;position&quot;:&quot;bottom center&quot;,&quot;height&quot;:&quot;450px&quot;,&quot;sliderHeight&quot;:[],&quot;borderRadius&quot;:{&quot;top&quot;:&quot;3px&quot;,&quot;right&quot;:&quot;3px&quot;,&quot;bottom&quot;:&quot;3px&quot;,&quot;left&quot;:&quot;3px&quot;},&quot;margin&quot;:{&quot;top&quot;:&quot;0px&quot;,&quot;right&quot;:&quot;0px&quot;,&quot;bottom&quot;:&quot;0px&quot;,&quot;left&quot;:&quot;0px&quot;},&quot;isLazyLoad&quot;:false}'\n    data-nonce='&quot;618ffae37d&quot;'\n    data-totalposts=0>\n    <pre id='posts' style='display: none;'>\n        []    <\/pre>\n<\/div>\n\n \n\n\n<blockquote class=\"wp-block-quote is-layout-flow wp-block-quote-is-layout-flow\">\n<p>&#8220;Tosi yst\u00e4vyys on sit\u00e4, ett\u00e4 jaat viimeisen pullanpalan. Tai ainakin teeskentelet jakavasi, ennen kuin nielaiset sen kokonaisena.&#8221;<\/p>\n<\/blockquote>\n\n\n\n<p><\/p>\n","protected":false},"excerpt":{"rendered":"<p>Kuvat ja videot T\u00e4ss\u00e4 p\u00e4iv\u00e4n piristykseksi viel\u00e4 s\u00f6p\u00f6j\u00e4 videoita ja kuvia ankoista! \ud83d\ude0d Kuvagalleria: &#8220;Tosi yst\u00e4vyys on sit\u00e4, ett\u00e4 jaat viimeisen pullanpalan. Tai ainakin teeskentelet jakavasi, ennen kuin nielaiset sen kokonaisena.&#8221;<\/p>\n","protected":false},"author":1,"featured_media":0,"parent":0,"menu_order":5,"comment_status":"closed","ping_status":"closed","template":"","meta":{"footnotes":""},"class_list":["post-57","page","type-page","status-publish","hentry"],"yoast_head":"<!-- This site is optimized with the Yoast SEO plugin v27.4 - https:\/\/yoast.com\/product\/yoast-seo-wordpress\/ -->\n<title>Kuvat ja videot - Ankkain vallankumous<\/title>\n<meta name=\"robots\" content=\"index, follow, max-snippet:-1, max-image-preview:large, max-video-preview:-1\" \/>\n<link rel=\"canonical\" href=\"https:\/\/www.kristar.vlab.fi\/ankka\/kuvat-ja-videot\/\" \/>\n<meta property=\"og:locale\" content=\"en_US\" \/>\n<meta property=\"og:type\" content=\"article\" \/>\n<meta property=\"og:title\" content=\"Kuvat ja videot - Ankkain vallankumous\" \/>\n<meta property=\"og:description\" content=\"Kuvat ja videot T\u00e4ss\u00e4 p\u00e4iv\u00e4n piristykseksi viel\u00e4 s\u00f6p\u00f6j\u00e4 videoita ja kuvia ankoista! \ud83d\ude0d Kuvagalleria: &#8220;Tosi yst\u00e4vyys on sit\u00e4, ett\u00e4 jaat viimeisen pullanpalan. Tai ainakin teeskentelet jakavasi, ennen kuin nielaiset sen kokonaisena.&#8221;\" \/>\n<meta property=\"og:url\" content=\"https:\/\/www.kristar.vlab.fi\/ankka\/kuvat-ja-videot\/\" \/>\n<meta property=\"og:site_name\" content=\"Ankkain vallankumous\" \/>\n<meta property=\"article:modified_time\" content=\"2025-12-14T15:26:06+00:00\" \/>\n<meta name=\"twitter:card\" content=\"summary_large_image\" \/>\n<script type=\"application\/ld+json\" class=\"yoast-schema-graph\">{\"@context\":\"https:\\\/\\\/schema.org\",\"@graph\":[{\"@type\":\"WebPage\",\"@id\":\"https:\\\/\\\/www.kristar.vlab.fi\\\/ankka\\\/kuvat-ja-videot\\\/\",\"url\":\"https:\\\/\\\/www.kristar.vlab.fi\\\/ankka\\\/kuvat-ja-videot\\\/\",\"name\":\"Kuvat ja videot - Ankkain vallankumous\",\"isPartOf\":{\"@id\":\"https:\\\/\\\/www.kristar.vlab.fi\\\/ankka\\\/#website\"},\"datePublished\":\"2025-12-13T20:40:07+00:00\",\"dateModified\":\"2025-12-14T15:26:06+00:00\",\"breadcrumb\":{\"@id\":\"https:\\\/\\\/www.kristar.vlab.fi\\\/ankka\\\/kuvat-ja-videot\\\/#breadcrumb\"},\"inLanguage\":\"en\",\"potentialAction\":[{\"@type\":\"ReadAction\",\"target\":[\"https:\\\/\\\/www.kristar.vlab.fi\\\/ankka\\\/kuvat-ja-videot\\\/\"]}]},{\"@type\":\"BreadcrumbList\",\"@id\":\"https:\\\/\\\/www.kristar.vlab.fi\\\/ankka\\\/kuvat-ja-videot\\\/#breadcrumb\",\"itemListElement\":[{\"@type\":\"ListItem\",\"position\":1,\"name\":\"Home\",\"item\":\"https:\\\/\\\/www.kristar.vlab.fi\\\/ankka\\\/\"},{\"@type\":\"ListItem\",\"position\":2,\"name\":\"Kuvat ja videot\"}]},{\"@type\":\"WebSite\",\"@id\":\"https:\\\/\\\/www.kristar.vlab.fi\\\/ankka\\\/#website\",\"url\":\"https:\\\/\\\/www.kristar.vlab.fi\\\/ankka\\\/\",\"name\":\"Ankkain vallankumous\",\"description\":\"- miksi ankan pit&auml;isi olla Suomen kansallisel&auml;in?\",\"potentialAction\":[{\"@type\":\"SearchAction\",\"target\":{\"@type\":\"EntryPoint\",\"urlTemplate\":\"https:\\\/\\\/www.kristar.vlab.fi\\\/ankka\\\/?s={search_term_string}\"},\"query-input\":{\"@type\":\"PropertyValueSpecification\",\"valueRequired\":true,\"valueName\":\"search_term_string\"}}],\"inLanguage\":\"en\"}]}<\/script>\n<!-- \/ Yoast SEO plugin. -->","yoast_head_json":{"title":"Kuvat ja videot - Ankkain vallankumous","robots":{"index":"index","follow":"follow","max-snippet":"max-snippet:-1","max-image-preview":"max-image-preview:large","max-video-preview":"max-video-preview:-1"},"canonical":"https:\/\/www.kristar.vlab.fi\/ankka\/kuvat-ja-videot\/","og_locale":"en_US","og_type":"article","og_title":"Kuvat ja videot - Ankkain vallankumous","og_description":"Kuvat ja videot T\u00e4ss\u00e4 p\u00e4iv\u00e4n piristykseksi viel\u00e4 s\u00f6p\u00f6j\u00e4 videoita ja kuvia ankoista! \ud83d\ude0d Kuvagalleria: &#8220;Tosi yst\u00e4vyys on sit\u00e4, ett\u00e4 jaat viimeisen pullanpalan. Tai ainakin teeskentelet jakavasi, ennen kuin nielaiset sen kokonaisena.&#8221;","og_url":"https:\/\/www.kristar.vlab.fi\/ankka\/kuvat-ja-videot\/","og_site_name":"Ankkain vallankumous","article_modified_time":"2025-12-14T15:26:06+00:00","twitter_card":"summary_large_image","schema":{"@context":"https:\/\/schema.org","@graph":[{"@type":"WebPage","@id":"https:\/\/www.kristar.vlab.fi\/ankka\/kuvat-ja-videot\/","url":"https:\/\/www.kristar.vlab.fi\/ankka\/kuvat-ja-videot\/","name":"Kuvat ja videot - Ankkain vallankumous","isPartOf":{"@id":"https:\/\/www.kristar.vlab.fi\/ankka\/#website"},"datePublished":"2025-12-13T20:40:07+00:00","dateModified":"2025-12-14T15:26:06+00:00","breadcrumb":{"@id":"https:\/\/www.kristar.vlab.fi\/ankka\/kuvat-ja-videot\/#breadcrumb"},"inLanguage":"en","potentialAction":[{"@type":"ReadAction","target":["https:\/\/www.kristar.vlab.fi\/ankka\/kuvat-ja-videot\/"]}]},{"@type":"BreadcrumbList","@id":"https:\/\/www.kristar.vlab.fi\/ankka\/kuvat-ja-videot\/#breadcrumb","itemListElement":[{"@type":"ListItem","position":1,"name":"Home","item":"https:\/\/www.kristar.vlab.fi\/ankka\/"},{"@type":"ListItem","position":2,"name":"Kuvat ja videot"}]},{"@type":"WebSite","@id":"https:\/\/www.kristar.vlab.fi\/ankka\/#website","url":"https:\/\/www.kristar.vlab.fi\/ankka\/","name":"Ankkain vallankumous","description":"- miksi ankan pit&auml;isi olla Suomen kansallisel&auml;in?","potentialAction":[{"@type":"SearchAction","target":{"@type":"EntryPoint","urlTemplate":"https:\/\/www.kristar.vlab.fi\/ankka\/?s={search_term_string}"},"query-input":{"@type":"PropertyValueSpecification","valueRequired":true,"valueName":"search_term_string"}}],"inLanguage":"en"}]}},"_links":{"self":[{"href":"https:\/\/www.kristar.vlab.fi\/ankka\/wp-json\/wp\/v2\/pages\/57","targetHints":{"allow":["GET"]}}],"collection":[{"href":"https:\/\/www.kristar.vlab.fi\/ankka\/wp-json\/wp\/v2\/pages"}],"about":[{"href":"https:\/\/www.kristar.vlab.fi\/ankka\/wp-json\/wp\/v2\/types\/page"}],"author":[{"embeddable":true,"href":"https:\/\/www.kristar.vlab.fi\/ankka\/wp-json\/wp\/v2\/users\/1"}],"replies":[{"embeddable":true,"href":"https:\/\/www.kristar.vlab.fi\/ankka\/wp-json\/wp\/v2\/comments?post=57"}],"version-history":[{"count":14,"href":"https:\/\/www.kristar.vlab.fi\/ankka\/wp-json\/wp\/v2\/pages\/57\/revisions"}],"predecessor-version":[{"id":106,"href":"https:\/\/www.kristar.vlab.fi\/ankka\/wp-json\/wp\/v2\/pages\/57\/revisions\/106"}],"wp:attachment":[{"href":"https:\/\/www.kristar.vlab.fi\/ankka\/wp-json\/wp\/v2\/media?parent=57"}],"curies":[{"name":"wp","href":"https:\/\/api.w.org\/{rel}","templated":true}]}}