{"id":67,"date":"2025-12-14T14:34:38","date_gmt":"2025-12-14T14:34:38","guid":{"rendered":"https:\/\/www.kristar.vlab.fi\/ankka\/?page_id=67"},"modified":"2025-12-14T15:11:14","modified_gmt":"2025-12-14T15:11:14","slug":"ankkain-hoito-ohjeet","status":"publish","type":"page","link":"https:\/\/www.kristar.vlab.fi\/ankka\/ankkain-hoito-ohjeet\/","title":{"rendered":"Ankkain hoito-ohjeet"},"content":{"rendered":"\n<h1 class=\"wp-block-heading has-text-color has-link-color has-large-font-size wp-elements-f745803d43a72cf46a833c59ce2b744d\" style=\"color:#ee911e\">Aikuisen ankan hoito-ohjeet<\/h1>\n\n\n\n<h2 class=\"wp-block-heading has-text-color has-link-color has-medium-font-size wp-elements-03275967912f9040142f4df3dcba7504\" style=\"color:#1d60da\">Ruokinta<\/h2>\n\n\n\n<p>Ankat sy\u00f6v\u00e4t, esim. kanan t\u00e4ysrehua, kauranjyvi\u00e4 + munitusrehia. Lis\u00e4ksi voi antaa hedelmi\u00e4, vihanneksia sek\u00e4 ihmisten ylij\u00e4\u00e4m\u00e4ruokia. Kes\u00e4isin vihre\u00e4n sek\u00e4 hy\u00f6nteisten saanti lis\u00e4\u00e4ntyy, joten valmisrehujen tarve v\u00e4henee.<\/p>\n\n\n\n<p>Muninnan kannalta olisi hyv\u00e4 antaa kalkkia, esim. tyhji\u00e4 munankuoria sek\u00e4 soraa.<\/p>\n\n\n\n<p>Juotavaksi annetaan niin paljon vett\u00e4, ett\u00e4 ankka saa upotettua p\u00e4\u00e4ns\u00e4 sinne kokonaan. T\u00e4h\u00e4n olisi hyv\u00e4, esimerkiksi vati tai \u00e4mp\u00e4ri. Se on t\u00e4rke\u00e4\u00e4, jotta ankka saa huuhdeltua silm\u00e4ns\u00e4, koska ne tulehtuvat helposti.<\/p>\n\n\n\n<h2 class=\"wp-block-heading has-text-color has-link-color has-medium-font-size wp-elements-2cd6e34bcb6d0680a08e4600ddc7074d\" style=\"color:#ee911e\">Asumus ja ulkoilu<\/h2>\n\n\n\n<p>Ankkoja voi pit\u00e4\u00e4 tarhassa tai vapaana pihassa. Ne eiv\u00e4t tosiaan lenn\u00e4, mutta pystyv\u00e4t hypp\u00e4\u00e4m\u00e4\u00e4n yli metrinkin korkeuteen &#8211; t\u00e4m\u00e4 on hyv\u00e4 huomioida pihaa\/aitausta suunnitellessa.<\/p>\n\n\n\n<p>Mik\u00e4li ankat asuvat kanalassa, lattialle on hyv\u00e4 laittaa kuivikkeita, esim. puruja, turvetta, olkia&#8230; Jotkut ovat kokeneet purut paremmiksi, koska turve saattaa ker\u00e4t\u00e4 kosteutta enemm\u00e4n.<\/p>\n\n\n\n<p>Uimapaikaksi sopii, esim. lampi, jossa on virtaava vesi sek\u00e4 suodatinj\u00e4rjestelm\u00e4 niin ei tarvitsisi kovin usein vett\u00e4 vaihtaa. Ankat nimitt\u00e4in aika paljon sotkevat. Mik\u00e4li t\u00e4llaiseen ei ole mahdollisuutta, pulkka, ahkio tai lasten uima-allas k\u00e4y t\u00e4h\u00e4n tarkoitukseen my\u00f6s. Pesumahdollisuus olisi hyv\u00e4 tarjota p\u00e4ivitt\u00e4in tai v\u00e4hint\u00e4\u00e4n joka toinen p\u00e4iv\u00e4, jotta pyrst\u00f6ss\u00e4 oleva rasvapatti ei tukkeutuisi. Rasvapatin aukinaisuus on v\u00e4ltt\u00e4m\u00e4t\u00f6nt\u00e4, jotta sulat ja ankka pysyisiv\u00e4t puhtaina ja hyv\u00e4vointisina, kun ankka saa levitetty\u00e4 rasvakerroksen sulkien p\u00e4\u00e4lle.<\/p>\n\n\n\n<h2 class=\"wp-block-heading has-text-color has-link-color has-medium-font-size wp-elements-65ea9aff3e3fbd7ea3baa6995b138967\" style=\"color:#1d60da\">K\u00e4yt\u00f6s<\/h2>\n\n\n\n<p>Ankat ovat leppoisia ja uteliaita lintuja. Ne haluavat tutkia kaikkea ja kokeilla. Ei ole siis tavatonta, ett\u00e4 tavaroita on heitelty pitkin ja poikin. Ukko ankat pit\u00e4v\u00e4t aikalailla matalaa narinaa, akka ankat ovat enemm\u00e4n \u00e4\u00e4ness\u00e4 ja saattavat &#8220;komennella&#8221;.<\/p>\n\n\n\n<p>Joillakin akka ankoilla on suuri hoivavietti, jotkut saattavat unohtaa munansa ja pes\u00e4paikkansa pariksi p\u00e4iv\u00e4ksikin. Ukko ankka yleens\u00e4 k\u00e4y tarkistelemassa hautovaa akkaa usein p\u00e4iv\u00e4n aikana.<\/p>\n\n\n\n<p>Kun mietit\u00e4\u00e4n parven kokoonpanoa. Voi pit\u00e4\u00e4 pelkki\u00e4 ukkoja tai pelkki\u00e4 akkoja. Sekalaisessa seurakunnassa olisi hyv\u00e4 olla 2-3 akkaa per ukko, jotta ei tule kovasti riitaa. Jotkut ukot tykk\u00e4\u00e4v\u00e4t kaikista akoista, joillakin taas on &#8220;lempivaimo&#8221;. Pelk\u00e4t ukot ovat suht. rauhallisia ja hiljaisempia, kun ei ole akkoja, joista riidell\u00e4.<\/p>\n\n\n\n<h2 class=\"wp-block-heading has-text-color has-link-color has-medium-font-size wp-elements-168158cfb1d288d38a2c2ef76072a836\" style=\"color:#ee911e\">Muut el\u00e4imet<\/h2>\n\n\n\n<p>Ankat tulevat yleens\u00e4 hyvin toimeen, esim. kanojen kanssa, koska ankat v\u00e4ist\u00e4v\u00e4t.<\/p>\n\n\n\n<figure class=\"wp-block-image size-large\"><img loading=\"lazy\" decoding=\"async\" width=\"1024\" height=\"683\" src=\"https:\/\/www.kristar.vlab.fi\/ankka\/wp-content\/uploads\/2025\/12\/pexels-pixabay-33110-1024x683.jpg\" alt=\"\" class=\"wp-image-63\" srcset=\"https:\/\/www.kristar.vlab.fi\/ankka\/wp-content\/uploads\/2025\/12\/pexels-pixabay-33110-1024x683.jpg 1024w, https:\/\/www.kristar.vlab.fi\/ankka\/wp-content\/uploads\/2025\/12\/pexels-pixabay-33110-300x200.jpg 300w, https:\/\/www.kristar.vlab.fi\/ankka\/wp-content\/uploads\/2025\/12\/pexels-pixabay-33110-768x512.jpg 768w, https:\/\/www.kristar.vlab.fi\/ankka\/wp-content\/uploads\/2025\/12\/pexels-pixabay-33110-1536x1024.jpg 1536w, https:\/\/www.kristar.vlab.fi\/ankka\/wp-content\/uploads\/2025\/12\/pexels-pixabay-33110-2048x1365.jpg 2048w, https:\/\/www.kristar.vlab.fi\/ankka\/wp-content\/uploads\/2025\/12\/pexels-pixabay-33110-450x300.jpg 450w\" sizes=\"auto, (max-width: 1024px) 100vw, 1024px\" \/><\/figure>\n\n\n\n<h3 class=\"wp-block-heading has-text-color has-link-color wp-elements-578405997c294b4fecf585685e343280\" style=\"color:#2547a4\">L\u00e4hde ja lis\u00e4tietoa, esim. ankanpojista sivulta Nokkava, lintuharrastajan tietopankki: <a href=\"https:\/\/nokkava.blogspot.com\/p\/ankat.html\">https:\/\/nokkava.blogspot.com\/p\/ankat.html<\/a><\/h3>\n","protected":false},"excerpt":{"rendered":"<p>Aikuisen ankan hoito-ohjeet Ruokinta Ankat sy\u00f6v\u00e4t, esim. kanan t\u00e4ysrehua, kauranjyvi\u00e4 + munitusrehia. Lis\u00e4ksi voi antaa hedelmi\u00e4, vihanneksia sek\u00e4 ihmisten ylij\u00e4\u00e4m\u00e4ruokia. Kes\u00e4isin vihre\u00e4n sek\u00e4 hy\u00f6nteisten saanti lis\u00e4\u00e4ntyy, joten valmisrehujen tarve v\u00e4henee. Muninnan kannalta olisi hyv\u00e4 antaa kalkkia, esim. tyhji\u00e4 munankuoria sek\u00e4 &hellip; <a href=\"https:\/\/www.kristar.vlab.fi\/ankka\/ankkain-hoito-ohjeet\/\">Continue reading <span class=\"meta-nav\">&rarr;<\/span><\/a><\/p>\n","protected":false},"author":1,"featured_media":0,"parent":0,"menu_order":3,"comment_status":"closed","ping_status":"closed","template":"","meta":{"footnotes":""},"class_list":["post-67","page","type-page","status-publish","hentry"],"yoast_head":"<!-- This site is optimized with the Yoast SEO plugin v27.4 - https:\/\/yoast.com\/product\/yoast-seo-wordpress\/ -->\n<title>Ankkain hoito-ohjeet - Ankkain vallankumous<\/title>\n<meta name=\"robots\" content=\"index, follow, max-snippet:-1, max-image-preview:large, max-video-preview:-1\" \/>\n<link rel=\"canonical\" href=\"https:\/\/www.kristar.vlab.fi\/ankka\/ankkain-hoito-ohjeet\/\" \/>\n<meta property=\"og:locale\" content=\"en_US\" \/>\n<meta property=\"og:type\" content=\"article\" \/>\n<meta property=\"og:title\" content=\"Ankkain hoito-ohjeet - Ankkain vallankumous\" \/>\n<meta property=\"og:description\" content=\"Aikuisen ankan hoito-ohjeet Ruokinta Ankat sy\u00f6v\u00e4t, esim. kanan t\u00e4ysrehua, kauranjyvi\u00e4 + munitusrehia. Lis\u00e4ksi voi antaa hedelmi\u00e4, vihanneksia sek\u00e4 ihmisten ylij\u00e4\u00e4m\u00e4ruokia. Kes\u00e4isin vihre\u00e4n sek\u00e4 hy\u00f6nteisten saanti lis\u00e4\u00e4ntyy, joten valmisrehujen tarve v\u00e4henee. Muninnan kannalta olisi hyv\u00e4 antaa kalkkia, esim. tyhji\u00e4 munankuoria sek\u00e4 &hellip; Continue reading &rarr;\" \/>\n<meta property=\"og:url\" content=\"https:\/\/www.kristar.vlab.fi\/ankka\/ankkain-hoito-ohjeet\/\" \/>\n<meta property=\"og:site_name\" content=\"Ankkain vallankumous\" \/>\n<meta property=\"article:modified_time\" content=\"2025-12-14T15:11:14+00:00\" \/>\n<meta property=\"og:image\" content=\"https:\/\/www.kristar.vlab.fi\/ankka\/wp-content\/uploads\/2025\/12\/pexels-pixabay-33110-scaled.jpg\" \/>\n\t<meta property=\"og:image:width\" content=\"2560\" \/>\n\t<meta property=\"og:image:height\" content=\"1707\" \/>\n\t<meta property=\"og:image:type\" content=\"image\/jpeg\" \/>\n<meta name=\"twitter:card\" content=\"summary_large_image\" \/>\n<meta name=\"twitter:label1\" content=\"Est. reading time\" \/>\n\t<meta name=\"twitter:data1\" content=\"2 minutes\" \/>\n<script type=\"application\/ld+json\" class=\"yoast-schema-graph\">{\"@context\":\"https:\\\/\\\/schema.org\",\"@graph\":[{\"@type\":\"WebPage\",\"@id\":\"https:\\\/\\\/www.kristar.vlab.fi\\\/ankka\\\/ankkain-hoito-ohjeet\\\/\",\"url\":\"https:\\\/\\\/www.kristar.vlab.fi\\\/ankka\\\/ankkain-hoito-ohjeet\\\/\",\"name\":\"Ankkain hoito-ohjeet - Ankkain vallankumous\",\"isPartOf\":{\"@id\":\"https:\\\/\\\/www.kristar.vlab.fi\\\/ankka\\\/#website\"},\"primaryImageOfPage\":{\"@id\":\"https:\\\/\\\/www.kristar.vlab.fi\\\/ankka\\\/ankkain-hoito-ohjeet\\\/#primaryimage\"},\"image\":{\"@id\":\"https:\\\/\\\/www.kristar.vlab.fi\\\/ankka\\\/ankkain-hoito-ohjeet\\\/#primaryimage\"},\"thumbnailUrl\":\"https:\\\/\\\/www.kristar.vlab.fi\\\/ankka\\\/wp-content\\\/uploads\\\/2025\\\/12\\\/pexels-pixabay-33110-1024x683.jpg\",\"datePublished\":\"2025-12-14T14:34:38+00:00\",\"dateModified\":\"2025-12-14T15:11:14+00:00\",\"breadcrumb\":{\"@id\":\"https:\\\/\\\/www.kristar.vlab.fi\\\/ankka\\\/ankkain-hoito-ohjeet\\\/#breadcrumb\"},\"inLanguage\":\"en\",\"potentialAction\":[{\"@type\":\"ReadAction\",\"target\":[\"https:\\\/\\\/www.kristar.vlab.fi\\\/ankka\\\/ankkain-hoito-ohjeet\\\/\"]}]},{\"@type\":\"ImageObject\",\"inLanguage\":\"en\",\"@id\":\"https:\\\/\\\/www.kristar.vlab.fi\\\/ankka\\\/ankkain-hoito-ohjeet\\\/#primaryimage\",\"url\":\"https:\\\/\\\/www.kristar.vlab.fi\\\/ankka\\\/wp-content\\\/uploads\\\/2025\\\/12\\\/pexels-pixabay-33110-scaled.jpg\",\"contentUrl\":\"https:\\\/\\\/www.kristar.vlab.fi\\\/ankka\\\/wp-content\\\/uploads\\\/2025\\\/12\\\/pexels-pixabay-33110-scaled.jpg\",\"width\":2560,\"height\":1707},{\"@type\":\"BreadcrumbList\",\"@id\":\"https:\\\/\\\/www.kristar.vlab.fi\\\/ankka\\\/ankkain-hoito-ohjeet\\\/#breadcrumb\",\"itemListElement\":[{\"@type\":\"ListItem\",\"position\":1,\"name\":\"Home\",\"item\":\"https:\\\/\\\/www.kristar.vlab.fi\\\/ankka\\\/\"},{\"@type\":\"ListItem\",\"position\":2,\"name\":\"Ankkain hoito-ohjeet\"}]},{\"@type\":\"WebSite\",\"@id\":\"https:\\\/\\\/www.kristar.vlab.fi\\\/ankka\\\/#website\",\"url\":\"https:\\\/\\\/www.kristar.vlab.fi\\\/ankka\\\/\",\"name\":\"Ankkain vallankumous\",\"description\":\"- miksi ankan pit&auml;isi olla Suomen kansallisel&auml;in?\",\"potentialAction\":[{\"@type\":\"SearchAction\",\"target\":{\"@type\":\"EntryPoint\",\"urlTemplate\":\"https:\\\/\\\/www.kristar.vlab.fi\\\/ankka\\\/?s={search_term_string}\"},\"query-input\":{\"@type\":\"PropertyValueSpecification\",\"valueRequired\":true,\"valueName\":\"search_term_string\"}}],\"inLanguage\":\"en\"}]}<\/script>\n<!-- \/ Yoast SEO plugin. -->","yoast_head_json":{"title":"Ankkain hoito-ohjeet - Ankkain vallankumous","robots":{"index":"index","follow":"follow","max-snippet":"max-snippet:-1","max-image-preview":"max-image-preview:large","max-video-preview":"max-video-preview:-1"},"canonical":"https:\/\/www.kristar.vlab.fi\/ankka\/ankkain-hoito-ohjeet\/","og_locale":"en_US","og_type":"article","og_title":"Ankkain hoito-ohjeet - Ankkain vallankumous","og_description":"Aikuisen ankan hoito-ohjeet Ruokinta Ankat sy\u00f6v\u00e4t, esim. kanan t\u00e4ysrehua, kauranjyvi\u00e4 + munitusrehia. Lis\u00e4ksi voi antaa hedelmi\u00e4, vihanneksia sek\u00e4 ihmisten ylij\u00e4\u00e4m\u00e4ruokia. Kes\u00e4isin vihre\u00e4n sek\u00e4 hy\u00f6nteisten saanti lis\u00e4\u00e4ntyy, joten valmisrehujen tarve v\u00e4henee. Muninnan kannalta olisi hyv\u00e4 antaa kalkkia, esim. tyhji\u00e4 munankuoria sek\u00e4 &hellip; Continue reading &rarr;","og_url":"https:\/\/www.kristar.vlab.fi\/ankka\/ankkain-hoito-ohjeet\/","og_site_name":"Ankkain vallankumous","article_modified_time":"2025-12-14T15:11:14+00:00","og_image":[{"width":2560,"height":1707,"url":"https:\/\/www.kristar.vlab.fi\/ankka\/wp-content\/uploads\/2025\/12\/pexels-pixabay-33110-scaled.jpg","type":"image\/jpeg"}],"twitter_card":"summary_large_image","twitter_misc":{"Est. reading time":"2 minutes"},"schema":{"@context":"https:\/\/schema.org","@graph":[{"@type":"WebPage","@id":"https:\/\/www.kristar.vlab.fi\/ankka\/ankkain-hoito-ohjeet\/","url":"https:\/\/www.kristar.vlab.fi\/ankka\/ankkain-hoito-ohjeet\/","name":"Ankkain hoito-ohjeet - Ankkain vallankumous","isPartOf":{"@id":"https:\/\/www.kristar.vlab.fi\/ankka\/#website"},"primaryImageOfPage":{"@id":"https:\/\/www.kristar.vlab.fi\/ankka\/ankkain-hoito-ohjeet\/#primaryimage"},"image":{"@id":"https:\/\/www.kristar.vlab.fi\/ankka\/ankkain-hoito-ohjeet\/#primaryimage"},"thumbnailUrl":"https:\/\/www.kristar.vlab.fi\/ankka\/wp-content\/uploads\/2025\/12\/pexels-pixabay-33110-1024x683.jpg","datePublished":"2025-12-14T14:34:38+00:00","dateModified":"2025-12-14T15:11:14+00:00","breadcrumb":{"@id":"https:\/\/www.kristar.vlab.fi\/ankka\/ankkain-hoito-ohjeet\/#breadcrumb"},"inLanguage":"en","potentialAction":[{"@type":"ReadAction","target":["https:\/\/www.kristar.vlab.fi\/ankka\/ankkain-hoito-ohjeet\/"]}]},{"@type":"ImageObject","inLanguage":"en","@id":"https:\/\/www.kristar.vlab.fi\/ankka\/ankkain-hoito-ohjeet\/#primaryimage","url":"https:\/\/www.kristar.vlab.fi\/ankka\/wp-content\/uploads\/2025\/12\/pexels-pixabay-33110-scaled.jpg","contentUrl":"https:\/\/www.kristar.vlab.fi\/ankka\/wp-content\/uploads\/2025\/12\/pexels-pixabay-33110-scaled.jpg","width":2560,"height":1707},{"@type":"BreadcrumbList","@id":"https:\/\/www.kristar.vlab.fi\/ankka\/ankkain-hoito-ohjeet\/#breadcrumb","itemListElement":[{"@type":"ListItem","position":1,"name":"Home","item":"https:\/\/www.kristar.vlab.fi\/ankka\/"},{"@type":"ListItem","position":2,"name":"Ankkain hoito-ohjeet"}]},{"@type":"WebSite","@id":"https:\/\/www.kristar.vlab.fi\/ankka\/#website","url":"https:\/\/www.kristar.vlab.fi\/ankka\/","name":"Ankkain vallankumous","description":"- miksi ankan pit&auml;isi olla Suomen kansallisel&auml;in?","potentialAction":[{"@type":"SearchAction","target":{"@type":"EntryPoint","urlTemplate":"https:\/\/www.kristar.vlab.fi\/ankka\/?s={search_term_string}"},"query-input":{"@type":"PropertyValueSpecification","valueRequired":true,"valueName":"search_term_string"}}],"inLanguage":"en"}]}},"_links":{"self":[{"href":"https:\/\/www.kristar.vlab.fi\/ankka\/wp-json\/wp\/v2\/pages\/67","targetHints":{"allow":["GET"]}}],"collection":[{"href":"https:\/\/www.kristar.vlab.fi\/ankka\/wp-json\/wp\/v2\/pages"}],"about":[{"href":"https:\/\/www.kristar.vlab.fi\/ankka\/wp-json\/wp\/v2\/types\/page"}],"author":[{"embeddable":true,"href":"https:\/\/www.kristar.vlab.fi\/ankka\/wp-json\/wp\/v2\/users\/1"}],"replies":[{"embeddable":true,"href":"https:\/\/www.kristar.vlab.fi\/ankka\/wp-json\/wp\/v2\/comments?post=67"}],"version-history":[{"count":5,"href":"https:\/\/www.kristar.vlab.fi\/ankka\/wp-json\/wp\/v2\/pages\/67\/revisions"}],"predecessor-version":[{"id":94,"href":"https:\/\/www.kristar.vlab.fi\/ankka\/wp-json\/wp\/v2\/pages\/67\/revisions\/94"}],"wp:attachment":[{"href":"https:\/\/www.kristar.vlab.fi\/ankka\/wp-json\/wp\/v2\/media?parent=67"}],"curies":[{"name":"wp","href":"https:\/\/api.w.org\/{rel}","templated":true}]}}