{"id":81,"date":"2025-12-14T15:05:31","date_gmt":"2025-12-14T15:05:31","guid":{"rendered":"https:\/\/www.kristar.vlab.fi\/ankka\/?page_id=81"},"modified":"2025-12-14T15:09:19","modified_gmt":"2025-12-14T15:09:19","slug":"etusivu","status":"publish","type":"page","link":"https:\/\/www.kristar.vlab.fi\/ankka\/","title":{"rendered":"Etusivu"},"content":{"rendered":"\n<h1 class=\"wp-block-heading has-text-color has-link-color has-large-font-size wp-elements-c5bf5677da7feab16e5653dbb3b49341\" style=\"color:#113313\">Etusivu<\/h1>\n\n\n\n<div class=\"wp-block-group\"><div class=\"wp-block-group__inner-container is-layout-constrained wp-block-group-is-layout-constrained\">\n<div class=\"wp-block-media-text has-media-on-the-right is-stacked-on-mobile\" style=\"grid-template-columns:auto 48%\"><div class=\"wp-block-media-text__content\">\n<p class=\"has-text-color has-link-color has-medium-font-size wp-elements-2aeb2b03184131b24cdb184eb130f200\" style=\"color:#e7742f\">Tervetuloa ankkoja k\u00e4sittelev\u00e4lle sivulleni!<\/p>\n\n\n\n<p>Blogini tarkoitus oli kertoa miksi juuri ankan pit\u00e4isi olla Suomen kansallisel\u00e4in, t\u00e4st\u00e4 l\u00f6ytyy oma julkaisunsa:<\/p>\n\n\n\n<p class=\"has-text-color has-link-color wp-elements-ad42b46460274df0475a7d0d665e3043\" style=\"color:#216021\"><a href=\"https:\/\/www.kristar.vlab.fi\/ankka\/\" data-type=\"page\" data-id=\"13\">Miksi ankan pit\u00e4isi olla Suomen kansallisel\u00e4in?<\/a><\/p>\n\n\n\n<p>Lis\u00e4ksi blogi antaa tietoa ankasta yleens\u00e4 sek\u00e4 sen hoito-ohjeista.<\/p>\n\n\n\n<p class=\"has-text-color has-link-color wp-elements-e3337241db5387862366cb592bbb9e3e\" style=\"color:#216021\"><a href=\"https:\/\/www.kristar.vlab.fi\/ankka\/kuka-on-ankka\/\" data-type=\"page\" data-id=\"50\">Tietoa ankasta<\/a>, <a href=\"https:\/\/www.kristar.vlab.fi\/ankka\/ankkain-hoito-ohjeet\/\" data-type=\"page\" data-id=\"67\">ankan hoito-ohjeet<\/a><\/p>\n\n\n\n<p>T\u00e4m\u00e4n lis\u00e4ksi on viel\u00e4 oma sivunsa ankka-aiheisille videoille sek\u00e4 kuville! <\/p>\n\n\n\n<p class=\"has-text-color has-link-color wp-elements-49fb5f7f4430400ae0f8ee9b9ae1f2c0\" style=\"color:#216021\"><a href=\"https:\/\/www.kristar.vlab.fi\/ankka\/kuvat-ja-videot\/\" data-type=\"page\" data-id=\"57\">Videot ja kuvat<\/a><\/p>\n\n\n\n<p>T\u00e4m\u00e4n sivun kuvassa on mandariinisorsa.<\/p>\n<\/div><figure class=\"wp-block-media-text__media\"><img loading=\"lazy\" decoding=\"async\" width=\"1024\" height=\"750\" src=\"https:\/\/www.kristar.vlab.fi\/ankka\/wp-content\/uploads\/2025\/12\/pexels-pixabay-39867-1024x750.jpg\" alt=\"\" class=\"wp-image-82 size-full\" srcset=\"https:\/\/www.kristar.vlab.fi\/ankka\/wp-content\/uploads\/2025\/12\/pexels-pixabay-39867-1024x750.jpg 1024w, https:\/\/www.kristar.vlab.fi\/ankka\/wp-content\/uploads\/2025\/12\/pexels-pixabay-39867-300x220.jpg 300w, https:\/\/www.kristar.vlab.fi\/ankka\/wp-content\/uploads\/2025\/12\/pexels-pixabay-39867-768x563.jpg 768w, https:\/\/www.kristar.vlab.fi\/ankka\/wp-content\/uploads\/2025\/12\/pexels-pixabay-39867-1536x1125.jpg 1536w, https:\/\/www.kristar.vlab.fi\/ankka\/wp-content\/uploads\/2025\/12\/pexels-pixabay-39867-2048x1500.jpg 2048w, https:\/\/www.kristar.vlab.fi\/ankka\/wp-content\/uploads\/2025\/12\/pexels-pixabay-39867-410x300.jpg 410w\" sizes=\"auto, (max-width: 1024px) 100vw, 1024px\" \/><\/figure><\/div>\n<\/div><\/div>\n\n\n\n<p><\/p>\n","protected":false},"excerpt":{"rendered":"<p>Etusivu Tervetuloa ankkoja k\u00e4sittelev\u00e4lle sivulleni! Blogini tarkoitus oli kertoa miksi juuri ankan pit\u00e4isi olla Suomen kansallisel\u00e4in, t\u00e4st\u00e4 l\u00f6ytyy oma julkaisunsa: Miksi ankan pit\u00e4isi olla Suomen kansallisel\u00e4in? Lis\u00e4ksi blogi antaa tietoa ankasta yleens\u00e4 sek\u00e4 sen hoito-ohjeista. Tietoa ankasta, ankan hoito-ohjeet T\u00e4m\u00e4n &hellip; <a href=\"https:\/\/www.kristar.vlab.fi\/ankka\/\">Continue reading <span class=\"meta-nav\">&rarr;<\/span><\/a><\/p>\n","protected":false},"author":1,"featured_media":0,"parent":0,"menu_order":0,"comment_status":"closed","ping_status":"closed","template":"","meta":{"footnotes":""},"class_list":["post-81","page","type-page","status-publish","hentry"],"yoast_head":"<!-- This site is optimized with the Yoast SEO plugin v27.4 - https:\/\/yoast.com\/product\/yoast-seo-wordpress\/ -->\n<title>Etusivu - Ankkain vallankumous<\/title>\n<meta name=\"robots\" content=\"index, follow, max-snippet:-1, max-image-preview:large, max-video-preview:-1\" \/>\n<link rel=\"canonical\" href=\"https:\/\/www.kristar.vlab.fi\/ankka\/\" \/>\n<meta property=\"og:locale\" content=\"en_US\" \/>\n<meta property=\"og:type\" content=\"article\" \/>\n<meta property=\"og:title\" content=\"Etusivu - Ankkain vallankumous\" \/>\n<meta property=\"og:description\" content=\"Etusivu Tervetuloa ankkoja k\u00e4sittelev\u00e4lle sivulleni! Blogini tarkoitus oli kertoa miksi juuri ankan pit\u00e4isi olla Suomen kansallisel\u00e4in, t\u00e4st\u00e4 l\u00f6ytyy oma julkaisunsa: Miksi ankan pit\u00e4isi olla Suomen kansallisel\u00e4in? Lis\u00e4ksi blogi antaa tietoa ankasta yleens\u00e4 sek\u00e4 sen hoito-ohjeista. Tietoa ankasta, ankan hoito-ohjeet T\u00e4m\u00e4n &hellip; Continue reading &rarr;\" \/>\n<meta property=\"og:url\" content=\"https:\/\/www.kristar.vlab.fi\/ankka\/\" \/>\n<meta property=\"og:site_name\" content=\"Ankkain vallankumous\" \/>\n<meta property=\"article:modified_time\" content=\"2025-12-14T15:09:19+00:00\" \/>\n<meta property=\"og:image\" content=\"https:\/\/www.kristar.vlab.fi\/ankka\/wp-content\/uploads\/2025\/12\/pexels-pixabay-39867-scaled.jpg\" \/>\n\t<meta property=\"og:image:width\" content=\"2560\" \/>\n\t<meta property=\"og:image:height\" content=\"1875\" \/>\n\t<meta property=\"og:image:type\" content=\"image\/jpeg\" \/>\n<meta name=\"twitter:card\" content=\"summary_large_image\" \/>\n<script type=\"application\/ld+json\" class=\"yoast-schema-graph\">{\"@context\":\"https:\\\/\\\/schema.org\",\"@graph\":[{\"@type\":\"WebPage\",\"@id\":\"https:\\\/\\\/www.kristar.vlab.fi\\\/ankka\\\/\",\"url\":\"https:\\\/\\\/www.kristar.vlab.fi\\\/ankka\\\/\",\"name\":\"Etusivu - Ankkain vallankumous\",\"isPartOf\":{\"@id\":\"https:\\\/\\\/www.kristar.vlab.fi\\\/ankka\\\/#website\"},\"primaryImageOfPage\":{\"@id\":\"https:\\\/\\\/www.kristar.vlab.fi\\\/ankka\\\/#primaryimage\"},\"image\":{\"@id\":\"https:\\\/\\\/www.kristar.vlab.fi\\\/ankka\\\/#primaryimage\"},\"thumbnailUrl\":\"https:\\\/\\\/www.kristar.vlab.fi\\\/ankka\\\/wp-content\\\/uploads\\\/2025\\\/12\\\/pexels-pixabay-39867-1024x750.jpg\",\"datePublished\":\"2025-12-14T15:05:31+00:00\",\"dateModified\":\"2025-12-14T15:09:19+00:00\",\"breadcrumb\":{\"@id\":\"https:\\\/\\\/www.kristar.vlab.fi\\\/ankka\\\/#breadcrumb\"},\"inLanguage\":\"en\",\"potentialAction\":[{\"@type\":\"ReadAction\",\"target\":[\"https:\\\/\\\/www.kristar.vlab.fi\\\/ankka\\\/\"]}]},{\"@type\":\"ImageObject\",\"inLanguage\":\"en\",\"@id\":\"https:\\\/\\\/www.kristar.vlab.fi\\\/ankka\\\/#primaryimage\",\"url\":\"https:\\\/\\\/www.kristar.vlab.fi\\\/ankka\\\/wp-content\\\/uploads\\\/2025\\\/12\\\/pexels-pixabay-39867-scaled.jpg\",\"contentUrl\":\"https:\\\/\\\/www.kristar.vlab.fi\\\/ankka\\\/wp-content\\\/uploads\\\/2025\\\/12\\\/pexels-pixabay-39867-scaled.jpg\",\"width\":2560,\"height\":1875},{\"@type\":\"BreadcrumbList\",\"@id\":\"https:\\\/\\\/www.kristar.vlab.fi\\\/ankka\\\/#breadcrumb\",\"itemListElement\":[{\"@type\":\"ListItem\",\"position\":1,\"name\":\"Home\",\"item\":\"https:\\\/\\\/www.kristar.vlab.fi\\\/ankka\\\/\"},{\"@type\":\"ListItem\",\"position\":2,\"name\":\"Etusivu\"}]},{\"@type\":\"WebSite\",\"@id\":\"https:\\\/\\\/www.kristar.vlab.fi\\\/ankka\\\/#website\",\"url\":\"https:\\\/\\\/www.kristar.vlab.fi\\\/ankka\\\/\",\"name\":\"Ankkain vallankumous\",\"description\":\"- miksi ankan pit&auml;isi olla Suomen kansallisel&auml;in?\",\"potentialAction\":[{\"@type\":\"SearchAction\",\"target\":{\"@type\":\"EntryPoint\",\"urlTemplate\":\"https:\\\/\\\/www.kristar.vlab.fi\\\/ankka\\\/?s={search_term_string}\"},\"query-input\":{\"@type\":\"PropertyValueSpecification\",\"valueRequired\":true,\"valueName\":\"search_term_string\"}}],\"inLanguage\":\"en\"}]}<\/script>\n<!-- \/ Yoast SEO plugin. -->","yoast_head_json":{"title":"Etusivu - Ankkain vallankumous","robots":{"index":"index","follow":"follow","max-snippet":"max-snippet:-1","max-image-preview":"max-image-preview:large","max-video-preview":"max-video-preview:-1"},"canonical":"https:\/\/www.kristar.vlab.fi\/ankka\/","og_locale":"en_US","og_type":"article","og_title":"Etusivu - Ankkain vallankumous","og_description":"Etusivu Tervetuloa ankkoja k\u00e4sittelev\u00e4lle sivulleni! Blogini tarkoitus oli kertoa miksi juuri ankan pit\u00e4isi olla Suomen kansallisel\u00e4in, t\u00e4st\u00e4 l\u00f6ytyy oma julkaisunsa: Miksi ankan pit\u00e4isi olla Suomen kansallisel\u00e4in? Lis\u00e4ksi blogi antaa tietoa ankasta yleens\u00e4 sek\u00e4 sen hoito-ohjeista. Tietoa ankasta, ankan hoito-ohjeet T\u00e4m\u00e4n &hellip; Continue reading &rarr;","og_url":"https:\/\/www.kristar.vlab.fi\/ankka\/","og_site_name":"Ankkain vallankumous","article_modified_time":"2025-12-14T15:09:19+00:00","og_image":[{"width":2560,"height":1875,"url":"https:\/\/www.kristar.vlab.fi\/ankka\/wp-content\/uploads\/2025\/12\/pexels-pixabay-39867-scaled.jpg","type":"image\/jpeg"}],"twitter_card":"summary_large_image","schema":{"@context":"https:\/\/schema.org","@graph":[{"@type":"WebPage","@id":"https:\/\/www.kristar.vlab.fi\/ankka\/","url":"https:\/\/www.kristar.vlab.fi\/ankka\/","name":"Etusivu - Ankkain vallankumous","isPartOf":{"@id":"https:\/\/www.kristar.vlab.fi\/ankka\/#website"},"primaryImageOfPage":{"@id":"https:\/\/www.kristar.vlab.fi\/ankka\/#primaryimage"},"image":{"@id":"https:\/\/www.kristar.vlab.fi\/ankka\/#primaryimage"},"thumbnailUrl":"https:\/\/www.kristar.vlab.fi\/ankka\/wp-content\/uploads\/2025\/12\/pexels-pixabay-39867-1024x750.jpg","datePublished":"2025-12-14T15:05:31+00:00","dateModified":"2025-12-14T15:09:19+00:00","breadcrumb":{"@id":"https:\/\/www.kristar.vlab.fi\/ankka\/#breadcrumb"},"inLanguage":"en","potentialAction":[{"@type":"ReadAction","target":["https:\/\/www.kristar.vlab.fi\/ankka\/"]}]},{"@type":"ImageObject","inLanguage":"en","@id":"https:\/\/www.kristar.vlab.fi\/ankka\/#primaryimage","url":"https:\/\/www.kristar.vlab.fi\/ankka\/wp-content\/uploads\/2025\/12\/pexels-pixabay-39867-scaled.jpg","contentUrl":"https:\/\/www.kristar.vlab.fi\/ankka\/wp-content\/uploads\/2025\/12\/pexels-pixabay-39867-scaled.jpg","width":2560,"height":1875},{"@type":"BreadcrumbList","@id":"https:\/\/www.kristar.vlab.fi\/ankka\/#breadcrumb","itemListElement":[{"@type":"ListItem","position":1,"name":"Home","item":"https:\/\/www.kristar.vlab.fi\/ankka\/"},{"@type":"ListItem","position":2,"name":"Etusivu"}]},{"@type":"WebSite","@id":"https:\/\/www.kristar.vlab.fi\/ankka\/#website","url":"https:\/\/www.kristar.vlab.fi\/ankka\/","name":"Ankkain vallankumous","description":"- miksi ankan pit&auml;isi olla Suomen kansallisel&auml;in?","potentialAction":[{"@type":"SearchAction","target":{"@type":"EntryPoint","urlTemplate":"https:\/\/www.kristar.vlab.fi\/ankka\/?s={search_term_string}"},"query-input":{"@type":"PropertyValueSpecification","valueRequired":true,"valueName":"search_term_string"}}],"inLanguage":"en"}]}},"_links":{"self":[{"href":"https:\/\/www.kristar.vlab.fi\/ankka\/wp-json\/wp\/v2\/pages\/81","targetHints":{"allow":["GET"]}}],"collection":[{"href":"https:\/\/www.kristar.vlab.fi\/ankka\/wp-json\/wp\/v2\/pages"}],"about":[{"href":"https:\/\/www.kristar.vlab.fi\/ankka\/wp-json\/wp\/v2\/types\/page"}],"author":[{"embeddable":true,"href":"https:\/\/www.kristar.vlab.fi\/ankka\/wp-json\/wp\/v2\/users\/1"}],"replies":[{"embeddable":true,"href":"https:\/\/www.kristar.vlab.fi\/ankka\/wp-json\/wp\/v2\/comments?post=81"}],"version-history":[{"count":3,"href":"https:\/\/www.kristar.vlab.fi\/ankka\/wp-json\/wp\/v2\/pages\/81\/revisions"}],"predecessor-version":[{"id":93,"href":"https:\/\/www.kristar.vlab.fi\/ankka\/wp-json\/wp\/v2\/pages\/81\/revisions\/93"}],"wp:attachment":[{"href":"https:\/\/www.kristar.vlab.fi\/ankka\/wp-json\/wp\/v2\/media?parent=81"}],"curies":[{"name":"wp","href":"https:\/\/api.w.org\/{rel}","templated":true}]}}